{"id":16836,"date":"2024-10-06T18:18:50","date_gmt":"2024-10-06T16:18:50","guid":{"rendered":"https:\/\/9play.de\/shop\/produkt\/roboter-transformer-zu-auto-3-stueck\/"},"modified":"2024-10-06T18:19:06","modified_gmt":"2024-10-06T16:19:06","slug":"roboter-transformer-zu-auto-3-stueck","status":"publish","type":"product","link":"https:\/\/9play.de\/shop\/produkt\/roboter-transformer-zu-auto-3-stueck\/","title":{"rendered":"Roboter Transformer zu Auto 3 St\u00fcck"},"content":{"rendered":"<p>Diese Transformers von ROBOFORCES sind unglaublich cool zum Spielen und sorgen f\u00fcr stundenlangen Spielspa\u00df!<br \/>Schnell, sie haben eine neue Mission!<br \/>Verwandle die kleinen Transformers Lightning, Storm und Thunder im Handumdrehen in superschnelle Autos und wieder zur\u00fcck.<br \/>Du erh\u00e4lst nicht nur einen Roboter, sondern gleich drei St\u00fcck.<br \/>Die Sportwagen sorgen f\u00fcr ein tolles Erlebnis.<br \/>Jeder Transformer l\u00e4sst sich schnell in ein Auto verwandeln.&nbsp;<\/p>\n<p>Inhalt: 3x Roboter \/ Autos<br \/>Altersempfehlung: Ab 3 Jahre<br \/>Gr\u00f6\u00dfe: Roboter ca. 15 x 9 x 5&nbsp;cm<br \/>Verpackungsma\u00df: 48 x 21,7 x 6,5 cm<br \/>Material: Kunststoff&nbsp;<\/p>\n<p>Achtung! Nicht f\u00fcr Kinder unter 36 Monaten geeignet wegen verschluckbarer Kleinteile, Erstickungsgefahr.<\/p>\n","protected":false},"excerpt":{"rendered":"<p>Transformers sind unglaublich cool zum Spielen und sorgen f\u00fcr stundenlangen Spielspa\u00df !<\/p>\n","protected":false},"featured_media":16837,"comment_status":"closed","ping_status":"open","template":"","meta":[],"product_brand":[],"product_cat":[498],"product_tag":[],"class_list":{"0":"post-16836","1":"product","2":"type-product","3":"status-publish","4":"has-post-thumbnail","6":"product_cat-roboter","8":"first","9":"instock","10":"shipping-taxable","11":"purchasable","12":"product-type-simple"},"_links":{"self":[{"href":"https:\/\/9play.de\/shop\/wp-json\/wp\/v2\/product\/16836","targetHints":{"allow":["GET"]}}],"collection":[{"href":"https:\/\/9play.de\/shop\/wp-json\/wp\/v2\/product"}],"about":[{"href":"https:\/\/9play.de\/shop\/wp-json\/wp\/v2\/types\/product"}],"replies":[{"embeddable":true,"href":"https:\/\/9play.de\/shop\/wp-json\/wp\/v2\/comments?post=16836"}],"wp:featuredmedia":[{"embeddable":true,"href":"https:\/\/9play.de\/shop\/wp-json\/wp\/v2\/media\/16837"}],"wp:attachment":[{"href":"https:\/\/9play.de\/shop\/wp-json\/wp\/v2\/media?parent=16836"}],"wp:term":[{"taxonomy":"product_brand","embeddable":true,"href":"https:\/\/9play.de\/shop\/wp-json\/wp\/v2\/product_brand?post=16836"},{"taxonomy":"product_cat","embeddable":true,"href":"https:\/\/9play.de\/shop\/wp-json\/wp\/v2\/product_cat?post=16836"},{"taxonomy":"product_tag","embeddable":true,"href":"https:\/\/9play.de\/shop\/wp-json\/wp\/v2\/product_tag?post=16836"}],"curies":[{"name":"wp","href":"https:\/\/api.w.org\/{rel}","templated":true}]}}