{"id":16841,"date":"2024-10-06T18:18:50","date_gmt":"2024-10-06T16:18:50","guid":{"rendered":"https:\/\/9play.de\/shop\/produkt\/transformer-roboter-pistole-mit-schuamstoffkugeln\/"},"modified":"2024-10-06T18:19:09","modified_gmt":"2024-10-06T16:19:09","slug":"transformer-roboter-pistole-mit-schuamstoffkugeln","status":"publish","type":"product","link":"https:\/\/9play.de\/shop\/produkt\/transformer-roboter-pistole-mit-schuamstoffkugeln\/","title":{"rendered":"Transformer Roboter Pistole mit Schuamstoffkugeln"},"content":{"rendered":"<p>Verwandle einen Roboter in eine Pistole !<br \/>Eine Waffe und ein Roboter in einem, das ist ein wirklich tolles Spielzeug !<br \/>Sie k\u00f6nnen die Waffe mit vier Schaumstoffgeschossen laden und losballern.<br \/>Ziehen Sie den Abzug, um die Kugeln abzufeuern. Bauen Sie die Waffe im Handumdrehen zu einen coolen Roboter um!<br \/>Der Transformer&nbsp;kann es mit jedem aufnehmen. Preis pro St\u00fcck.<br \/>Wenn du nach Kinderpistolen suchst, dann bist du bei uns genau richtig.<br \/>Du suchst eine Kinderpistole f\u00fcr einen Kinderkost\u00fcm? Dann erg\u00e4nze dein Dinokost\u00fcm mit dieser Pistole !<\/p>\n<p>Verschiedene Designs.&nbsp;<\/p>\n<p>Inhalt: 1x Transformer, 4 Schaumstoffpfeile<br \/>Altersempfehlung: Ab 6&nbsp;Jahre<br \/>Material: Kunststoff &nbsp;<br \/>Gr\u00f6\u00dfe: Pistole ca. 18 x 15 x 5 cm<br \/>Verpackung: ca. 31,5 x 28,5 x 6,5 cm<\/p>\n<p>Info: Artikel ist sortiert, die Auswahl erfolgt per Zufall. Oder Wunschfarbe bei der Bestellung im Kommentar erw\u00e4hnen.<\/p>\n<p>Achtung! Nicht f\u00fcr Kinder unter 36 Monaten geeignet wegen verschluckbarer Kleinteile, Erstickungsgefahr.<\/p>\n","protected":false},"excerpt":{"rendered":"<p>Verwandle einen Roboter in eine Pistole !<\/p>\n","protected":false},"featured_media":16842,"comment_status":"closed","ping_status":"open","template":"","meta":[],"product_brand":[],"product_cat":[498],"product_tag":[],"class_list":{"0":"post-16841","1":"product","2":"type-product","3":"status-publish","4":"has-post-thumbnail","6":"product_cat-roboter","8":"first","9":"instock","10":"shipping-taxable","11":"purchasable","12":"product-type-simple"},"_links":{"self":[{"href":"https:\/\/9play.de\/shop\/wp-json\/wp\/v2\/product\/16841","targetHints":{"allow":["GET"]}}],"collection":[{"href":"https:\/\/9play.de\/shop\/wp-json\/wp\/v2\/product"}],"about":[{"href":"https:\/\/9play.de\/shop\/wp-json\/wp\/v2\/types\/product"}],"replies":[{"embeddable":true,"href":"https:\/\/9play.de\/shop\/wp-json\/wp\/v2\/comments?post=16841"}],"wp:featuredmedia":[{"embeddable":true,"href":"https:\/\/9play.de\/shop\/wp-json\/wp\/v2\/media\/16842"}],"wp:attachment":[{"href":"https:\/\/9play.de\/shop\/wp-json\/wp\/v2\/media?parent=16841"}],"wp:term":[{"taxonomy":"product_brand","embeddable":true,"href":"https:\/\/9play.de\/shop\/wp-json\/wp\/v2\/product_brand?post=16841"},{"taxonomy":"product_cat","embeddable":true,"href":"https:\/\/9play.de\/shop\/wp-json\/wp\/v2\/product_cat?post=16841"},{"taxonomy":"product_tag","embeddable":true,"href":"https:\/\/9play.de\/shop\/wp-json\/wp\/v2\/product_tag?post=16841"}],"curies":[{"name":"wp","href":"https:\/\/api.w.org\/{rel}","templated":true}]}}