{"id":16846,"date":"2024-10-06T18:18:50","date_gmt":"2024-10-06T16:18:50","guid":{"rendered":"https:\/\/9play.de\/shop\/produkt\/kinder-ratschen-gewehr-kostuemzubehoer\/"},"modified":"2024-10-06T18:19:12","modified_gmt":"2024-10-06T16:19:12","slug":"kinder-ratschen-gewehr-kostuemzubehoer","status":"publish","type":"product","link":"https:\/\/9play.de\/shop\/produkt\/kinder-ratschen-gewehr-kostuemzubehoer\/","title":{"rendered":"Kinder Ratschen Gewehr Kost\u00fcmzubeh\u00f6r"},"content":{"rendered":"<p>Milit\u00e4rarmee-Spielzeug in Tarnungsfarben mit Ton und Funken.<br \/>Sobald der Abzug bet\u00e4tigt wird, ert\u00f6nt ein rasselndes Ger\u00e4usch im hinteren Bereich der Waffe.&nbsp;<\/p>\n<p>Altersempfehlung: Ab 3 Jahre<br \/>Material: PVC.<br \/>L\u00e4nge: ca. 61cm&nbsp;<\/p>\n<p>Achtung! Nicht f\u00fcr Kinder unter 36 Monaten geeignet wegen verschluckbarer Kleinteile, Erstickungsgefahr.<\/p>\n","protected":false},"excerpt":{"rendered":"<p>Beim bet\u00e4tigen des Gewehres entsteht Raschen Ger\u00e4usch.<\/p>\n","protected":false},"featured_media":16847,"comment_status":"closed","ping_status":"open","template":"","meta":[],"product_brand":[],"product_cat":[476],"product_tag":[],"class_list":{"0":"post-16846","1":"product","2":"type-product","3":"status-publish","4":"has-post-thumbnail","6":"product_cat-polizei-detektiv","8":"first","9":"instock","10":"shipping-taxable","11":"purchasable","12":"product-type-simple"},"_links":{"self":[{"href":"https:\/\/9play.de\/shop\/wp-json\/wp\/v2\/product\/16846","targetHints":{"allow":["GET"]}}],"collection":[{"href":"https:\/\/9play.de\/shop\/wp-json\/wp\/v2\/product"}],"about":[{"href":"https:\/\/9play.de\/shop\/wp-json\/wp\/v2\/types\/product"}],"replies":[{"embeddable":true,"href":"https:\/\/9play.de\/shop\/wp-json\/wp\/v2\/comments?post=16846"}],"wp:featuredmedia":[{"embeddable":true,"href":"https:\/\/9play.de\/shop\/wp-json\/wp\/v2\/media\/16847"}],"wp:attachment":[{"href":"https:\/\/9play.de\/shop\/wp-json\/wp\/v2\/media?parent=16846"}],"wp:term":[{"taxonomy":"product_brand","embeddable":true,"href":"https:\/\/9play.de\/shop\/wp-json\/wp\/v2\/product_brand?post=16846"},{"taxonomy":"product_cat","embeddable":true,"href":"https:\/\/9play.de\/shop\/wp-json\/wp\/v2\/product_cat?post=16846"},{"taxonomy":"product_tag","embeddable":true,"href":"https:\/\/9play.de\/shop\/wp-json\/wp\/v2\/product_tag?post=16846"}],"curies":[{"name":"wp","href":"https:\/\/api.w.org\/{rel}","templated":true}]}}