{"id":16856,"date":"2024-10-06T18:18:50","date_gmt":"2024-10-06T16:18:50","guid":{"rendered":"https:\/\/9play.de\/shop\/produkt\/experementierkasten-mach-deine-seife\/"},"modified":"2024-10-06T18:19:18","modified_gmt":"2024-10-06T16:19:18","slug":"experementierkasten-mach-deine-seife","status":"publish","type":"product","link":"https:\/\/9play.de\/shop\/produkt\/experementierkasten-mach-deine-seife\/","title":{"rendered":"Experementierkasten mach deine Seife"},"content":{"rendered":"<p>Entdecken Sie Making Soap. Im Set finden Sie alles, was Sie zur Herstellung der Seife ben\u00f6tigen!<br \/>Mit diesem Set wird dein Kind zum ersten mal mit dem Fach Chemie in Kontakt kommen.<br \/>Das Set ist vollst\u00e4ndig, Sie m\u00fcssen nichts extra kaufen.<br \/>Sobald die Seifen aufgel\u00f6st sind, kann man die Seife nach Belieben f\u00e4rben und mit D\u00fcften anreichern.<br \/>Danach wird die fl\u00fcssige Seife in eine Form gegeben und h\u00e4rtet aus.<br \/>Das Set f\u00f6rdert die Entwicklung von Vorstellungsverm\u00f6gen und Feinmotorik Ihres Kindes.&nbsp;<\/p>\n<p>Inhalt: 2 Seifen zum Aufl\u00f6sen, 2 St\u00f6cke, 3 Buntstifte, 2 D\u00fcfte, 2 Messbecher, 2 Formen, 1 Handschuh, 1 bebilderte Anleitung<br \/>Verpackung: 30 x 27 x 5 cm<br \/>Altersempfehlung: Ab 8 Jahre<br \/>Material: Kunststoff und diverse Stoffe&nbsp;<\/p>\n<p>Achtung: Nicht geeignet f\u00fcr Kinder unter 8 Jahren. Benutzung unter Aufsicht von Erwachsenen.<\/p>\n<p>Achtung! Nicht f\u00fcr Kinder unter 36 Monaten geeignet wegen verschluckbarer Kleinteile, Erstickungsgefahr.<\/p>\n","protected":false},"excerpt":{"rendered":"<p>Entdecken Sie Making Soap. Im Set finden Sie alles, was Sie zur Herstellung der Seife ben\u00f6tigen !<\/p>\n","protected":false},"featured_media":16857,"comment_status":"closed","ping_status":"open","template":"","meta":[],"product_brand":[],"product_cat":[473],"product_tag":[],"class_list":{"0":"post-16856","1":"product","2":"type-product","3":"status-publish","4":"has-post-thumbnail","6":"product_cat-experiment","8":"first","9":"instock","10":"shipping-taxable","11":"purchasable","12":"product-type-simple"},"_links":{"self":[{"href":"https:\/\/9play.de\/shop\/wp-json\/wp\/v2\/product\/16856","targetHints":{"allow":["GET"]}}],"collection":[{"href":"https:\/\/9play.de\/shop\/wp-json\/wp\/v2\/product"}],"about":[{"href":"https:\/\/9play.de\/shop\/wp-json\/wp\/v2\/types\/product"}],"replies":[{"embeddable":true,"href":"https:\/\/9play.de\/shop\/wp-json\/wp\/v2\/comments?post=16856"}],"wp:featuredmedia":[{"embeddable":true,"href":"https:\/\/9play.de\/shop\/wp-json\/wp\/v2\/media\/16857"}],"wp:attachment":[{"href":"https:\/\/9play.de\/shop\/wp-json\/wp\/v2\/media?parent=16856"}],"wp:term":[{"taxonomy":"product_brand","embeddable":true,"href":"https:\/\/9play.de\/shop\/wp-json\/wp\/v2\/product_brand?post=16856"},{"taxonomy":"product_cat","embeddable":true,"href":"https:\/\/9play.de\/shop\/wp-json\/wp\/v2\/product_cat?post=16856"},{"taxonomy":"product_tag","embeddable":true,"href":"https:\/\/9play.de\/shop\/wp-json\/wp\/v2\/product_tag?post=16856"}],"curies":[{"name":"wp","href":"https:\/\/api.w.org\/{rel}","templated":true}]}}