{"id":16859,"date":"2024-10-06T18:18:50","date_gmt":"2024-10-06T16:18:50","guid":{"rendered":"https:\/\/9play.de\/shop\/produkt\/experiment-die-herstellung-von-nagellack\/"},"modified":"2024-10-06T18:19:19","modified_gmt":"2024-10-06T16:19:19","slug":"experiment-die-herstellung-von-nagellack","status":"publish","type":"product","link":"https:\/\/9play.de\/shop\/produkt\/experiment-die-herstellung-von-nagellack\/","title":{"rendered":"Experiment die Herstellung von Nagellack"},"content":{"rendered":"<p>Mit diesem Explore Set kannst du deinen eigenen Nagellack herzustellen!<br \/>Mische deine eigenen Farben und f\u00fcge etwas Goldglitzer f\u00fcr sch\u00f6ne N\u00e4gel hinzu.<br \/>Das Set enth\u00e4lt alles, was du zur Herstellung deines Nagellacks ben\u00f6tigen.<\/p>\n<p>Altersempfehlung: Ab 8 Jahre<br \/>Verpackung: ca. 26 x 20 x 5 cm<br \/>Material: Kunststoff und diverse Stoffe<\/p>\n<p>Achtung: Nicht geeignet f\u00fcr Kinder unter 8 Jahren. Benutzung unter Aufsicht von Erwachsenen.<br \/>Achtung: Enth\u00e4lt Duftstoffe, die Allergien ausl\u00f6sen k\u00f6nnen.<br \/>Achtung! Nicht f\u00fcr Kinder unter 36 Monaten geeignet wegen verschluckbarer Kleinteile, Erstickungsgefahr.<\/p>\n","protected":false},"excerpt":{"rendered":"<p>Explore die Herstellung von Nagellack<\/p>\n","protected":false},"featured_media":16860,"comment_status":"closed","ping_status":"open","template":"","meta":[],"product_brand":[],"product_cat":[506],"product_tag":[],"class_list":{"0":"post-16859","1":"product","2":"type-product","3":"status-publish","4":"has-post-thumbnail","6":"product_cat-beauty-set","8":"first","9":"instock","10":"shipping-taxable","11":"purchasable","12":"product-type-simple"},"_links":{"self":[{"href":"https:\/\/9play.de\/shop\/wp-json\/wp\/v2\/product\/16859","targetHints":{"allow":["GET"]}}],"collection":[{"href":"https:\/\/9play.de\/shop\/wp-json\/wp\/v2\/product"}],"about":[{"href":"https:\/\/9play.de\/shop\/wp-json\/wp\/v2\/types\/product"}],"replies":[{"embeddable":true,"href":"https:\/\/9play.de\/shop\/wp-json\/wp\/v2\/comments?post=16859"}],"wp:featuredmedia":[{"embeddable":true,"href":"https:\/\/9play.de\/shop\/wp-json\/wp\/v2\/media\/16860"}],"wp:attachment":[{"href":"https:\/\/9play.de\/shop\/wp-json\/wp\/v2\/media?parent=16859"}],"wp:term":[{"taxonomy":"product_brand","embeddable":true,"href":"https:\/\/9play.de\/shop\/wp-json\/wp\/v2\/product_brand?post=16859"},{"taxonomy":"product_cat","embeddable":true,"href":"https:\/\/9play.de\/shop\/wp-json\/wp\/v2\/product_cat?post=16859"},{"taxonomy":"product_tag","embeddable":true,"href":"https:\/\/9play.de\/shop\/wp-json\/wp\/v2\/product_tag?post=16859"}],"curies":[{"name":"wp","href":"https:\/\/api.w.org\/{rel}","templated":true}]}}