{"id":16871,"date":"2024-10-06T18:18:50","date_gmt":"2024-10-06T16:18:50","guid":{"rendered":"https:\/\/9play.de\/shop\/produkt\/knetball-anti-stressball-puffer-ball-mit-spikes\/"},"modified":"2024-10-06T18:19:27","modified_gmt":"2024-10-06T16:19:27","slug":"knetball-anti-stressball-puffer-ball-mit-spikes","status":"publish","type":"product","link":"https:\/\/9play.de\/shop\/produkt\/knetball-anti-stressball-puffer-ball-mit-spikes\/","title":{"rendered":"Knetball Anti-Stressball Puffer Ball mit Spikes"},"content":{"rendered":"<p>Dieser Ball ist einzigartig und f\u00fchlt sich sehr sch\u00f6n an !<br \/>Der Anti-Stressball hat bewegliche Spikes, wodurch er auch sehr sch\u00f6n aussieht.<br \/>Dr\u00fcck den Ball mit der Hand zusammen und beobachte, wie er sich auf der anderen Seite aufbl\u00e4st.<br \/>Du kannst damit nicht nur quetschen, sondern auch spielen und werfen!<br \/>Preis pro St\u00fcck, verschiedene Designs und Farben werden per Zufall verschickt.<br \/>Oder Wunschfarbe in dem Kommentar erw\u00e4hnen.<\/p>\n<p>Inhalt: 1 Ball<br \/>Material:&nbsp;Silikon<br \/>Altersempfehlung: Ab 3 Jahre<br \/>Gr\u00f6\u00dfe: ca.&nbsp;\u00d8 8 cm<\/p>\n<p>Info: Artikel ist sortiert, die Auswahl erfolgt per Zufall. Oder Wunschfarbe bei der Bestellung im Kommentar erw\u00e4hnen.<\/p>\n<p>Achtung! Nicht f\u00fcr Kinder unter 36 Monaten geeignet wegen verschluckbarer Kleinteile, Erstickungsgefahr.<\/p>\n","protected":false},"excerpt":{"rendered":"<p>Du kannst damit nicht nur quetschen, sondern auch spielen !<\/p>\n","protected":false},"featured_media":16872,"comment_status":"closed","ping_status":"open","template":"","meta":[],"product_brand":[],"product_cat":[455],"product_tag":[],"class_list":{"0":"post-16871","1":"product","2":"type-product","3":"status-publish","4":"has-post-thumbnail","6":"product_cat-baelle","8":"first","9":"instock","10":"shipping-taxable","11":"purchasable","12":"product-type-simple"},"_links":{"self":[{"href":"https:\/\/9play.de\/shop\/wp-json\/wp\/v2\/product\/16871","targetHints":{"allow":["GET"]}}],"collection":[{"href":"https:\/\/9play.de\/shop\/wp-json\/wp\/v2\/product"}],"about":[{"href":"https:\/\/9play.de\/shop\/wp-json\/wp\/v2\/types\/product"}],"replies":[{"embeddable":true,"href":"https:\/\/9play.de\/shop\/wp-json\/wp\/v2\/comments?post=16871"}],"wp:featuredmedia":[{"embeddable":true,"href":"https:\/\/9play.de\/shop\/wp-json\/wp\/v2\/media\/16872"}],"wp:attachment":[{"href":"https:\/\/9play.de\/shop\/wp-json\/wp\/v2\/media?parent=16871"}],"wp:term":[{"taxonomy":"product_brand","embeddable":true,"href":"https:\/\/9play.de\/shop\/wp-json\/wp\/v2\/product_brand?post=16871"},{"taxonomy":"product_cat","embeddable":true,"href":"https:\/\/9play.de\/shop\/wp-json\/wp\/v2\/product_cat?post=16871"},{"taxonomy":"product_tag","embeddable":true,"href":"https:\/\/9play.de\/shop\/wp-json\/wp\/v2\/product_tag?post=16871"}],"curies":[{"name":"wp","href":"https:\/\/api.w.org\/{rel}","templated":true}]}}