{"id":16876,"date":"2024-10-06T18:18:50","date_gmt":"2024-10-06T16:18:50","guid":{"rendered":"https:\/\/9play.de\/shop\/produkt\/6-knet-raupen-anti-stress-tausendfuessler\/"},"modified":"2024-10-06T18:19:30","modified_gmt":"2024-10-06T16:19:30","slug":"6-knet-raupen-anti-stress-tausendfuessler","status":"publish","type":"product","link":"https:\/\/9play.de\/shop\/produkt\/6-knet-raupen-anti-stress-tausendfuessler\/","title":{"rendered":"6 Knet-Raupen Anti-Stress Tausendf\u00fc\u00dfler"},"content":{"rendered":"<p>Ihr bekommt 6 Raupen in unterschiedlichen Farben.<br \/>Die L\u00e4nge der Raupe ist 24 cm und kann bis zu einer L\u00e4nge von bis zu 100cm gedehnt werden.<br \/>WOW ! Das macht nicht nur Spa\u00df, sondern beruhigt und baut Stress ab.<br \/>Wirf den Tausendf\u00fc\u00dfler durchs Zimmer und habe Spa\u00df am spielen.<br \/>&nbsp;<\/p>\n<p>Inhalt: 6 Raupen&nbsp;<br \/>Altersempfehlung: Ab 6&nbsp;Jahre<br \/>Gr\u00f6\u00dfe: ca.&nbsp;23&nbsp;cm ( bis ca. 100cm dehnbar)&nbsp;<br \/>Material: Silikon&nbsp;<\/p>\n<p>Info: Artikel ist sortiert, die Auswahl erfolgt per Zufall. Oder Wunschfarbe bei der Bestellung im Kommentar erw\u00e4hnen.<br \/>&nbsp;<\/p>\n<p>Achtung! Nicht f\u00fcr Kinder unter 36 Monaten geeignet wegen verschluckbarer Kleinteile, Erstickungsgefahr.<\/p>\n","protected":false},"excerpt":{"rendered":"<p>Du kannst die Raupen quetschen, dehnen oder schleudern !<\/p>\n","protected":false},"featured_media":16877,"comment_status":"closed","ping_status":"open","template":"","meta":[],"product_brand":[],"product_cat":[523],"product_tag":[],"class_list":{"0":"post-16876","1":"product","2":"type-product","3":"status-publish","4":"has-post-thumbnail","6":"product_cat-outdoor-spielzeug","8":"first","9":"instock","10":"shipping-taxable","11":"purchasable","12":"product-type-simple"},"_links":{"self":[{"href":"https:\/\/9play.de\/shop\/wp-json\/wp\/v2\/product\/16876","targetHints":{"allow":["GET"]}}],"collection":[{"href":"https:\/\/9play.de\/shop\/wp-json\/wp\/v2\/product"}],"about":[{"href":"https:\/\/9play.de\/shop\/wp-json\/wp\/v2\/types\/product"}],"replies":[{"embeddable":true,"href":"https:\/\/9play.de\/shop\/wp-json\/wp\/v2\/comments?post=16876"}],"wp:featuredmedia":[{"embeddable":true,"href":"https:\/\/9play.de\/shop\/wp-json\/wp\/v2\/media\/16877"}],"wp:attachment":[{"href":"https:\/\/9play.de\/shop\/wp-json\/wp\/v2\/media?parent=16876"}],"wp:term":[{"taxonomy":"product_brand","embeddable":true,"href":"https:\/\/9play.de\/shop\/wp-json\/wp\/v2\/product_brand?post=16876"},{"taxonomy":"product_cat","embeddable":true,"href":"https:\/\/9play.de\/shop\/wp-json\/wp\/v2\/product_cat?post=16876"},{"taxonomy":"product_tag","embeddable":true,"href":"https:\/\/9play.de\/shop\/wp-json\/wp\/v2\/product_tag?post=16876"}],"curies":[{"name":"wp","href":"https:\/\/api.w.org\/{rel}","templated":true}]}}