{"id":16891,"date":"2024-10-06T18:18:50","date_gmt":"2024-10-06T16:18:50","guid":{"rendered":"https:\/\/9play.de\/shop\/produkt\/kinder-frisierpuppe-beauty-frisierkopf-mit-buerste-und-spiegel\/"},"modified":"2024-10-06T18:19:45","modified_gmt":"2024-10-06T16:19:45","slug":"kinder-frisierpuppe-beauty-frisierkopf-mit-buerste-und-spiegel","status":"publish","type":"product","link":"https:\/\/9play.de\/shop\/produkt\/kinder-frisierpuppe-beauty-frisierkopf-mit-buerste-und-spiegel\/","title":{"rendered":"Kinder Frisierpuppe Beauty Frisierkopf mit B\u00fcrste und Spiegel"},"content":{"rendered":"<p>F\u00fcr die kleine Friseuse ein wundersch\u00f6ner Frisierkopf zum \u00dcben.<br \/>Der Friesierkopf ist drehbar und bequem zum k\u00e4mmen der sch\u00f6nen Haare.<br \/>Werde Friseur-Meisterin und gestalte eine Hochzeitsfrisur.<br \/>&nbsp;<\/p>\n<p>Inhalt: Puppe, B\u00fcrste und Spiegel.<br \/>Gr\u00f6\u00dfe: ca. 21 x 16 cm<br \/>Material: Kunststoff<br \/>Altersempfehlung: Ab 3 Jahre<br \/>Achtung! Nicht f\u00fcr Kinder unter 36 Monaten geeignet wegen verschluckbarer Kleinteile, Erstickungsgefahr.<\/p>\n","protected":false},"excerpt":{"rendered":"<p>F\u00fcr die kleine Friseuse ein wundersch\u00f6ner Frisierkopf zum \u00dcben !<\/p>\n","protected":false},"featured_media":16892,"comment_status":"closed","ping_status":"open","template":"","meta":[],"product_brand":[],"product_cat":[522],"product_tag":[],"class_list":{"0":"post-16891","1":"product","2":"type-product","3":"status-publish","4":"has-post-thumbnail","6":"product_cat-puppen","8":"first","9":"instock","10":"shipping-taxable","11":"purchasable","12":"product-type-simple"},"_links":{"self":[{"href":"https:\/\/9play.de\/shop\/wp-json\/wp\/v2\/product\/16891","targetHints":{"allow":["GET"]}}],"collection":[{"href":"https:\/\/9play.de\/shop\/wp-json\/wp\/v2\/product"}],"about":[{"href":"https:\/\/9play.de\/shop\/wp-json\/wp\/v2\/types\/product"}],"replies":[{"embeddable":true,"href":"https:\/\/9play.de\/shop\/wp-json\/wp\/v2\/comments?post=16891"}],"wp:featuredmedia":[{"embeddable":true,"href":"https:\/\/9play.de\/shop\/wp-json\/wp\/v2\/media\/16892"}],"wp:attachment":[{"href":"https:\/\/9play.de\/shop\/wp-json\/wp\/v2\/media?parent=16891"}],"wp:term":[{"taxonomy":"product_brand","embeddable":true,"href":"https:\/\/9play.de\/shop\/wp-json\/wp\/v2\/product_brand?post=16891"},{"taxonomy":"product_cat","embeddable":true,"href":"https:\/\/9play.de\/shop\/wp-json\/wp\/v2\/product_cat?post=16891"},{"taxonomy":"product_tag","embeddable":true,"href":"https:\/\/9play.de\/shop\/wp-json\/wp\/v2\/product_tag?post=16891"}],"curies":[{"name":"wp","href":"https:\/\/api.w.org\/{rel}","templated":true}]}}