{"id":16895,"date":"2024-10-06T18:18:50","date_gmt":"2024-10-06T16:18:50","guid":{"rendered":"https:\/\/9play.de\/shop\/produkt\/babypuppe-mit-zubehoer-hug-me-40cm-gross\/"},"modified":"2024-10-06T18:19:47","modified_gmt":"2024-10-06T16:19:47","slug":"babypuppe-mit-zubehoer-hug-me-40cm-gross","status":"publish","type":"product","link":"https:\/\/9play.de\/shop\/produkt\/babypuppe-mit-zubehoer-hug-me-40cm-gross\/","title":{"rendered":"Babypuppe mit Zubeh\u00f6r Hug Me 40cm gro\u00df"},"content":{"rendered":"<p>Babypuppe von Beau mit Zubeh\u00f6r.<br \/>F\u00fcr die echten Kleinkindm\u00fctter und V\u00e4ter ist die \u201eHug me\u201c Babypuppe eine sch\u00f6ne Kuschelpuppe mit einem weichen K\u00f6rper.<br \/>Durch den Stoffk\u00f6rper kann auch ein Kleinkind ab 18 Monaten mit dieser Puppe kuscheln.<br \/>F\u00fcr kleine Puppenmama\u00b4s ist diese kleine bezaubernde Puppe die mit einer s\u00fc\u00dfen M\u00fctze daher genau das richtige.<\/p>\n<p>Gr\u00f6\u00dfe des Produkts: ca. L\u00e4nge 40 cm<br \/>Gr\u00f6\u00dfe der Verpackung: ca. 27 x 24 x 19 cm<br \/>Altersempfehlung: Ab 18 Monate.<br \/>Material: Polyester, Plastik<br \/>Achtung! Benutzung unter unmittelbarer Aufsicht von Erwachsenen.<\/p>\n","protected":false},"excerpt":{"rendered":"<p>Toi-toys Cute s\u00fc\u00dfe Babypuppe<\/p>\n","protected":false},"featured_media":16896,"comment_status":"closed","ping_status":"open","template":"","meta":[],"product_brand":[],"product_cat":[522],"product_tag":[],"class_list":{"0":"post-16895","1":"product","2":"type-product","3":"status-publish","4":"has-post-thumbnail","6":"product_cat-puppen","8":"first","9":"instock","10":"shipping-taxable","11":"purchasable","12":"product-type-simple"},"_links":{"self":[{"href":"https:\/\/9play.de\/shop\/wp-json\/wp\/v2\/product\/16895","targetHints":{"allow":["GET"]}}],"collection":[{"href":"https:\/\/9play.de\/shop\/wp-json\/wp\/v2\/product"}],"about":[{"href":"https:\/\/9play.de\/shop\/wp-json\/wp\/v2\/types\/product"}],"replies":[{"embeddable":true,"href":"https:\/\/9play.de\/shop\/wp-json\/wp\/v2\/comments?post=16895"}],"wp:featuredmedia":[{"embeddable":true,"href":"https:\/\/9play.de\/shop\/wp-json\/wp\/v2\/media\/16896"}],"wp:attachment":[{"href":"https:\/\/9play.de\/shop\/wp-json\/wp\/v2\/media?parent=16895"}],"wp:term":[{"taxonomy":"product_brand","embeddable":true,"href":"https:\/\/9play.de\/shop\/wp-json\/wp\/v2\/product_brand?post=16895"},{"taxonomy":"product_cat","embeddable":true,"href":"https:\/\/9play.de\/shop\/wp-json\/wp\/v2\/product_cat?post=16895"},{"taxonomy":"product_tag","embeddable":true,"href":"https:\/\/9play.de\/shop\/wp-json\/wp\/v2\/product_tag?post=16895"}],"curies":[{"name":"wp","href":"https:\/\/api.w.org\/{rel}","templated":true}]}}