{"id":16900,"date":"2024-10-06T18:19:53","date_gmt":"2024-10-06T16:19:53","guid":{"rendered":"https:\/\/9play.de\/shop\/produkt\/babypuppe-im-tierkostuem-225-cm\/"},"modified":"2024-10-06T18:19:53","modified_gmt":"2024-10-06T16:19:53","slug":"babypuppe-im-tierkostuem-225-cm","status":"publish","type":"product","link":"https:\/\/9play.de\/shop\/produkt\/babypuppe-im-tierkostuem-225-cm\/","title":{"rendered":"Babypuppe im Tierkost\u00fcm 22,5 cm"},"content":{"rendered":"<p>Diese Puppe von Beau ist in einen sch\u00f6nen warmen Tieranzug gekleidet.<br \/>Ist es nicht s\u00fc\u00df? Jede Puppe hat ein einzigartiges Kost\u00fcm.<br \/>Einhorn, Koala, Elefant oder Fuchs. Welche darf es sein?<br \/>Die Baby-Puppe hat einen weichen K\u00f6rper und ist daher auch f\u00fcr Kleinkinder geeignet.<br \/>&nbsp;<\/p>\n<p>Farb und Motivauswahl erfolgt per Zufall.<br \/>Gr\u00f6\u00dfe des Produkts: L\u00e4nge ca. 22,5 cm<br \/>Gr\u00f6\u00dfe der Verpackung: ca. 22,5 x 15,5 x 11,5 cm<br \/>Material: Stoff, Kunststoff<br \/>Altersempfehlung: Ab 18 Monate.<br \/>Achtung! Benutzung unter unmittelbarer Aufsicht von Erwachsenen.<\/p>\n","protected":false},"excerpt":{"rendered":"<p>Diese Babypuppe ist in einen sch\u00f6nen warmen Tieranzug gekleidet !<\/p>\n","protected":false},"featured_media":16901,"comment_status":"closed","ping_status":"open","template":"","meta":[],"product_brand":[],"product_cat":[522],"product_tag":[],"class_list":{"0":"post-16900","1":"product","2":"type-product","3":"status-publish","4":"has-post-thumbnail","6":"product_cat-puppen","8":"first","9":"instock","10":"shipping-taxable","11":"purchasable","12":"product-type-simple"},"_links":{"self":[{"href":"https:\/\/9play.de\/shop\/wp-json\/wp\/v2\/product\/16900","targetHints":{"allow":["GET"]}}],"collection":[{"href":"https:\/\/9play.de\/shop\/wp-json\/wp\/v2\/product"}],"about":[{"href":"https:\/\/9play.de\/shop\/wp-json\/wp\/v2\/types\/product"}],"replies":[{"embeddable":true,"href":"https:\/\/9play.de\/shop\/wp-json\/wp\/v2\/comments?post=16900"}],"wp:featuredmedia":[{"embeddable":true,"href":"https:\/\/9play.de\/shop\/wp-json\/wp\/v2\/media\/16901"}],"wp:attachment":[{"href":"https:\/\/9play.de\/shop\/wp-json\/wp\/v2\/media?parent=16900"}],"wp:term":[{"taxonomy":"product_brand","embeddable":true,"href":"https:\/\/9play.de\/shop\/wp-json\/wp\/v2\/product_brand?post=16900"},{"taxonomy":"product_cat","embeddable":true,"href":"https:\/\/9play.de\/shop\/wp-json\/wp\/v2\/product_cat?post=16900"},{"taxonomy":"product_tag","embeddable":true,"href":"https:\/\/9play.de\/shop\/wp-json\/wp\/v2\/product_tag?post=16900"}],"curies":[{"name":"wp","href":"https:\/\/api.w.org\/{rel}","templated":true}]}}