{"id":16905,"date":"2024-10-06T18:19:53","date_gmt":"2024-10-06T16:19:53","guid":{"rendered":"https:\/\/9play.de\/shop\/produkt\/liegende-babypuppe-mit-flasche-30-cm\/"},"modified":"2024-10-06T18:19:56","modified_gmt":"2024-10-06T16:19:56","slug":"liegende-babypuppe-mit-flasche-30-cm","status":"publish","type":"product","link":"https:\/\/9play.de\/shop\/produkt\/liegende-babypuppe-mit-flasche-30-cm\/","title":{"rendered":"Liegende Babypuppe mit Flasche 30 cm"},"content":{"rendered":"<p>Spielbegleiterin von Beau f\u00fcr kleine Puppeneltern !<br \/>F\u00fcr werdenden Mamas und Papas ist eine Babypuppe der niedliche Kuschelbegleiter. Sie liebt ihr Fl\u00e4schchen und kuschelt f\u00fcr ihr Leben gern.<br \/>Gib der Puppe die Flasche und F\u00fctter sie.<br \/>Wiege sie in den Schlaf und sorge dich um das kleine Baby.<br \/>Der weiche Stoffk\u00f6rper bereitet dir ein besonders angenehmes Kuschelvergn\u00fcgen.<br \/>&nbsp;<\/p>\n<p>Gr\u00f6\u00dfe des Produkts: L\u00e4nge ca. 30 cm<br \/>Gr\u00f6\u00dfe der Verpackung: ca. 32 x 16 x 11 cm<br \/>Material: Polyester, Kunststoff<br \/>Altersempfehlung: Ab 18 Monate<br \/>Achtung! Benutzung unter unmittelbarer Aufsicht von Erwachsenen.<\/p>\n","protected":false},"excerpt":{"rendered":"<p>F\u00fcr die kleinen werdenden Mamas und Papas ist eine Puppe der perfekte Kuschelbegleiter !<\/p>\n","protected":false},"featured_media":16906,"comment_status":"closed","ping_status":"open","template":"","meta":[],"product_brand":[],"product_cat":[522],"product_tag":[],"class_list":{"0":"post-16905","1":"product","2":"type-product","3":"status-publish","4":"has-post-thumbnail","6":"product_cat-puppen","8":"first","9":"instock","10":"shipping-taxable","11":"purchasable","12":"product-type-simple"},"_links":{"self":[{"href":"https:\/\/9play.de\/shop\/wp-json\/wp\/v2\/product\/16905","targetHints":{"allow":["GET"]}}],"collection":[{"href":"https:\/\/9play.de\/shop\/wp-json\/wp\/v2\/product"}],"about":[{"href":"https:\/\/9play.de\/shop\/wp-json\/wp\/v2\/types\/product"}],"replies":[{"embeddable":true,"href":"https:\/\/9play.de\/shop\/wp-json\/wp\/v2\/comments?post=16905"}],"wp:featuredmedia":[{"embeddable":true,"href":"https:\/\/9play.de\/shop\/wp-json\/wp\/v2\/media\/16906"}],"wp:attachment":[{"href":"https:\/\/9play.de\/shop\/wp-json\/wp\/v2\/media?parent=16905"}],"wp:term":[{"taxonomy":"product_brand","embeddable":true,"href":"https:\/\/9play.de\/shop\/wp-json\/wp\/v2\/product_brand?post=16905"},{"taxonomy":"product_cat","embeddable":true,"href":"https:\/\/9play.de\/shop\/wp-json\/wp\/v2\/product_cat?post=16905"},{"taxonomy":"product_tag","embeddable":true,"href":"https:\/\/9play.de\/shop\/wp-json\/wp\/v2\/product_tag?post=16905"}],"curies":[{"name":"wp","href":"https:\/\/api.w.org\/{rel}","templated":true}]}}