{"id":16910,"date":"2024-10-06T18:19:53","date_gmt":"2024-10-06T16:19:53","guid":{"rendered":"https:\/\/9play.de\/shop\/produkt\/babypuppe-im-tieranzug-schaf-33-cm\/"},"modified":"2024-10-06T18:19:58","modified_gmt":"2024-10-06T16:19:58","slug":"babypuppe-im-tieranzug-schaf-33-cm","status":"publish","type":"product","link":"https:\/\/9play.de\/shop\/produkt\/babypuppe-im-tieranzug-schaf-33-cm\/","title":{"rendered":"Babypuppe im Tieranzug Schaf 33 cm"},"content":{"rendered":"<p>Diese zuckers\u00fc\u00dfe Babypuppe von Beau mit weichem Stoffk\u00f6rper.<br \/>Sie ist 33 cm gro\u00df und tr\u00e4gt einen Einteiler in Schaf-Design.<br \/>Sie sieht aus wie ein s\u00fc\u00dfes, wolliges Schaf. Einfach zum Knuddeln.<br \/>Halte sie fest und kuschel mit deinen neuen Freund.<br \/>&nbsp;<\/p>\n<p>Ma\u00dfe: ca. 25 x 20 x 17 cm<br \/>Altersempfehlung: Ab 18 Monate<br \/>Material: Polyester, Kunststoff<br \/>Achtung! Benutzung unter unmittelbarer Aufsicht von Erwachsenen.<\/p>\n","protected":false},"excerpt":{"rendered":"<p>S\u00fc\u00dfe Puppe zum Umarmen.<\/p>\n","protected":false},"featured_media":16911,"comment_status":"closed","ping_status":"open","template":"","meta":[],"product_brand":[],"product_cat":[522],"product_tag":[],"class_list":{"0":"post-16910","1":"product","2":"type-product","3":"status-publish","4":"has-post-thumbnail","6":"product_cat-puppen","8":"first","9":"instock","10":"shipping-taxable","11":"purchasable","12":"product-type-simple"},"_links":{"self":[{"href":"https:\/\/9play.de\/shop\/wp-json\/wp\/v2\/product\/16910","targetHints":{"allow":["GET"]}}],"collection":[{"href":"https:\/\/9play.de\/shop\/wp-json\/wp\/v2\/product"}],"about":[{"href":"https:\/\/9play.de\/shop\/wp-json\/wp\/v2\/types\/product"}],"replies":[{"embeddable":true,"href":"https:\/\/9play.de\/shop\/wp-json\/wp\/v2\/comments?post=16910"}],"wp:featuredmedia":[{"embeddable":true,"href":"https:\/\/9play.de\/shop\/wp-json\/wp\/v2\/media\/16911"}],"wp:attachment":[{"href":"https:\/\/9play.de\/shop\/wp-json\/wp\/v2\/media?parent=16910"}],"wp:term":[{"taxonomy":"product_brand","embeddable":true,"href":"https:\/\/9play.de\/shop\/wp-json\/wp\/v2\/product_brand?post=16910"},{"taxonomy":"product_cat","embeddable":true,"href":"https:\/\/9play.de\/shop\/wp-json\/wp\/v2\/product_cat?post=16910"},{"taxonomy":"product_tag","embeddable":true,"href":"https:\/\/9play.de\/shop\/wp-json\/wp\/v2\/product_tag?post=16910"}],"curies":[{"name":"wp","href":"https:\/\/api.w.org\/{rel}","templated":true}]}}