{"id":16915,"date":"2024-10-06T18:19:53","date_gmt":"2024-10-06T16:19:53","guid":{"rendered":"https:\/\/9play.de\/shop\/produkt\/babypuppe-in-einem-tier-kostuem-25-cm\/"},"modified":"2024-10-06T18:20:01","modified_gmt":"2024-10-06T16:20:01","slug":"babypuppe-in-einem-tier-kostuem-25-cm","status":"publish","type":"product","link":"https:\/\/9play.de\/shop\/produkt\/babypuppe-in-einem-tier-kostuem-25-cm\/","title":{"rendered":"Babypuppe in einem Tier-Kost\u00fcm 25 cm"},"content":{"rendered":"<p>Eine s\u00fc\u00dfe weiche Puppe im Tier Pyjama.<br \/>Der Kapuzenkost\u00fcm in einem Tier-Motiv.<br \/>Diese s\u00fc\u00dfe Puppe wird mit Sicherheit dein bester Freund.<br \/>Erlebe gemeinsam die besten Abenteuer und verrate ihr all deine Geheimnisse.<br \/>Die Puppe tr\u00e4gt einen Tierpyjama, der so weich ist, dass man den ganzen Tag damit kuscheln m\u00f6chte!<br \/>&nbsp;<\/p>\n<p>Motivauswahl erfolgt per Zufall.<br \/>Ma\u00dfe: ca. 25 x 25 x 10 cm<br \/>Altersempfehlung: Ab 18 Monate<br \/>Material: Kunststoff &amp; Textil<br \/>Achtung! Benutzung unter unmittelbarer Aufsicht von Erwachsenen.<\/p>\n","protected":false},"excerpt":{"rendered":"<p>Beau Babypuppe in Tierkost\u00fcm<\/p>\n","protected":false},"featured_media":16916,"comment_status":"closed","ping_status":"open","template":"","meta":[],"product_brand":[],"product_cat":[522],"product_tag":[],"class_list":{"0":"post-16915","1":"product","2":"type-product","3":"status-publish","4":"has-post-thumbnail","6":"product_cat-puppen","8":"first","9":"instock","10":"shipping-taxable","11":"purchasable","12":"product-type-simple"},"_links":{"self":[{"href":"https:\/\/9play.de\/shop\/wp-json\/wp\/v2\/product\/16915","targetHints":{"allow":["GET"]}}],"collection":[{"href":"https:\/\/9play.de\/shop\/wp-json\/wp\/v2\/product"}],"about":[{"href":"https:\/\/9play.de\/shop\/wp-json\/wp\/v2\/types\/product"}],"replies":[{"embeddable":true,"href":"https:\/\/9play.de\/shop\/wp-json\/wp\/v2\/comments?post=16915"}],"wp:featuredmedia":[{"embeddable":true,"href":"https:\/\/9play.de\/shop\/wp-json\/wp\/v2\/media\/16916"}],"wp:attachment":[{"href":"https:\/\/9play.de\/shop\/wp-json\/wp\/v2\/media?parent=16915"}],"wp:term":[{"taxonomy":"product_brand","embeddable":true,"href":"https:\/\/9play.de\/shop\/wp-json\/wp\/v2\/product_brand?post=16915"},{"taxonomy":"product_cat","embeddable":true,"href":"https:\/\/9play.de\/shop\/wp-json\/wp\/v2\/product_cat?post=16915"},{"taxonomy":"product_tag","embeddable":true,"href":"https:\/\/9play.de\/shop\/wp-json\/wp\/v2\/product_tag?post=16915"}],"curies":[{"name":"wp","href":"https:\/\/api.w.org\/{rel}","templated":true}]}}