{"id":16925,"date":"2024-10-06T18:19:53","date_gmt":"2024-10-06T16:19:53","guid":{"rendered":"https:\/\/9play.de\/shop\/produkt\/babypuppe-in-baeren-jacke-und-kindersitz-33cm\/"},"modified":"2024-10-06T18:20:07","modified_gmt":"2024-10-06T16:20:07","slug":"babypuppe-in-baeren-jacke-und-kindersitz-33cm","status":"publish","type":"product","link":"https:\/\/9play.de\/shop\/produkt\/babypuppe-in-baeren-jacke-und-kindersitz-33cm\/","title":{"rendered":"Babypuppe in B\u00e4ren-Jacke und Kindersitz 33cm"},"content":{"rendered":"<p>Diese niedliche Babypuppe l\u00e4sst jedes Kinderherz h\u00f6her schlagen !<br \/>Diese s\u00fc\u00dfe Puppe von Beau mit weichem Stoffk\u00f6rper ist ca. 34 cm gro\u00df und tr\u00e4gt eine Jacke in B\u00e4ren Design.<br \/>Die wartet s\u00fc\u00df in ihrem Sitz, um auf ein Abenteuer zu gehen. Nimmst du sie mit?<br \/>Lass die Puppe zu deinem besten Freund werden.<br \/>&nbsp;<\/p>\n<p>Ma\u00dfe: Puppe ca. 34 cm<br \/>Packma\u00df: ca. 28 x 18 x 15 cm<br \/>Altersempfehlung: Ab 2 Jahre<br \/>Material: Kunststoff &amp; Textil<br \/>Achtung! Benutzung unter unmittelbarer Aufsicht von Erwachsenen.<\/p>\n","protected":false},"excerpt":{"rendered":"<p>Diese niedliche Babypuppe l\u00e4sst jedes Kinderherz h\u00f6her schlagen !<\/p>\n","protected":false},"featured_media":16926,"comment_status":"closed","ping_status":"open","template":"","meta":[],"product_brand":[],"product_cat":[522],"product_tag":[],"class_list":{"0":"post-16925","1":"product","2":"type-product","3":"status-publish","4":"has-post-thumbnail","6":"product_cat-puppen","8":"first","9":"instock","10":"shipping-taxable","11":"purchasable","12":"product-type-simple"},"_links":{"self":[{"href":"https:\/\/9play.de\/shop\/wp-json\/wp\/v2\/product\/16925","targetHints":{"allow":["GET"]}}],"collection":[{"href":"https:\/\/9play.de\/shop\/wp-json\/wp\/v2\/product"}],"about":[{"href":"https:\/\/9play.de\/shop\/wp-json\/wp\/v2\/types\/product"}],"replies":[{"embeddable":true,"href":"https:\/\/9play.de\/shop\/wp-json\/wp\/v2\/comments?post=16925"}],"wp:featuredmedia":[{"embeddable":true,"href":"https:\/\/9play.de\/shop\/wp-json\/wp\/v2\/media\/16926"}],"wp:attachment":[{"href":"https:\/\/9play.de\/shop\/wp-json\/wp\/v2\/media?parent=16925"}],"wp:term":[{"taxonomy":"product_brand","embeddable":true,"href":"https:\/\/9play.de\/shop\/wp-json\/wp\/v2\/product_brand?post=16925"},{"taxonomy":"product_cat","embeddable":true,"href":"https:\/\/9play.de\/shop\/wp-json\/wp\/v2\/product_cat?post=16925"},{"taxonomy":"product_tag","embeddable":true,"href":"https:\/\/9play.de\/shop\/wp-json\/wp\/v2\/product_tag?post=16925"}],"curies":[{"name":"wp","href":"https:\/\/api.w.org\/{rel}","templated":true}]}}