{"id":16935,"date":"2024-10-06T18:19:53","date_gmt":"2024-10-06T16:19:53","guid":{"rendered":"https:\/\/9play.de\/shop\/produkt\/puppe-mit-haarverlaengerungen-und-outfits\/"},"modified":"2024-10-06T18:20:11","modified_gmt":"2024-10-06T16:20:11","slug":"puppe-mit-haarverlaengerungen-und-outfits","status":"publish","type":"product","link":"https:\/\/9play.de\/shop\/produkt\/puppe-mit-haarverlaengerungen-und-outfits\/","title":{"rendered":"Puppe mit Haarverl\u00e4ngerungen und Outfits"},"content":{"rendered":"<p>LAUREN Teenie-Puppe !<br \/>Mit den farbfrohen Hairextensions kannst die die Haarfarbe so oft wechseln wie es dir lieb ist. Ben\u00f6tigt deine Puppen-Freundin eine neue Haarverl\u00e4ngerung?<br \/>Kein Problem, suche die passende L\u00e4nge raus und mache die Puppe gl\u00fccklich. Neues Kleid gef\u00e4lligst ?<br \/>Suche das passende Outfit zusammen und auch die passende Schuhen gibt es dazu. Die Krone kannst du sogar gegen zwei andere austauschen.<br \/>Wow so viel Zubeh\u00f6r. Das ist noch nicht alles, denn es gibt Haarspangen und eine B\u00fcrste f\u00fcr den perfekten Outfit.<br \/>&nbsp;<\/p>\n<p>Inhalt: Eine LAUREN Teenie-Puppe, 4 Hairextensions, 3 Kleidung, 3 Schuhe, 2 Kronen, 2 Haarspangen und eine B\u00fcrste.<br \/>Gr\u00f6\u00dfe Artikel: L\u00e4nge ca. 30 cm<br \/>Packma\u00df: ca. 32 x 24 x 5,5 cm<br \/>Material: Kunststoff<br \/>Altersempfehlung: Ab 3 Jahre<br \/>Achtung!<br \/>Nicht f\u00fcr Kinder unter 36 Monaten geeignet wegen verschluckbarer Kleinteile, Erstickungsgefahr.<\/p>\n","protected":false},"excerpt":{"rendered":"<p>Welche Haarfarbe gef\u00e4llt dir am besten ?<\/p>\n","protected":false},"featured_media":16936,"comment_status":"closed","ping_status":"open","template":"","meta":[],"product_brand":[],"product_cat":[522],"product_tag":[],"class_list":{"0":"post-16935","1":"product","2":"type-product","3":"status-publish","4":"has-post-thumbnail","6":"product_cat-puppen","8":"first","9":"instock","10":"shipping-taxable","11":"purchasable","12":"product-type-simple"},"_links":{"self":[{"href":"https:\/\/9play.de\/shop\/wp-json\/wp\/v2\/product\/16935","targetHints":{"allow":["GET"]}}],"collection":[{"href":"https:\/\/9play.de\/shop\/wp-json\/wp\/v2\/product"}],"about":[{"href":"https:\/\/9play.de\/shop\/wp-json\/wp\/v2\/types\/product"}],"replies":[{"embeddable":true,"href":"https:\/\/9play.de\/shop\/wp-json\/wp\/v2\/comments?post=16935"}],"wp:featuredmedia":[{"embeddable":true,"href":"https:\/\/9play.de\/shop\/wp-json\/wp\/v2\/media\/16936"}],"wp:attachment":[{"href":"https:\/\/9play.de\/shop\/wp-json\/wp\/v2\/media?parent=16935"}],"wp:term":[{"taxonomy":"product_brand","embeddable":true,"href":"https:\/\/9play.de\/shop\/wp-json\/wp\/v2\/product_brand?post=16935"},{"taxonomy":"product_cat","embeddable":true,"href":"https:\/\/9play.de\/shop\/wp-json\/wp\/v2\/product_cat?post=16935"},{"taxonomy":"product_tag","embeddable":true,"href":"https:\/\/9play.de\/shop\/wp-json\/wp\/v2\/product_tag?post=16935"}],"curies":[{"name":"wp","href":"https:\/\/api.w.org\/{rel}","templated":true}]}}