{"id":16945,"date":"2024-10-06T18:19:53","date_gmt":"2024-10-06T16:19:53","guid":{"rendered":"https:\/\/9play.de\/shop\/produkt\/taucher-puppe-mit-glitzer-delfin\/"},"modified":"2024-10-06T18:20:17","modified_gmt":"2024-10-06T16:20:17","slug":"taucher-puppe-mit-glitzer-delfin","status":"publish","type":"product","link":"https:\/\/9play.de\/shop\/produkt\/taucher-puppe-mit-glitzer-delfin\/","title":{"rendered":"Taucher Puppe mit Glitzer-Delfin"},"content":{"rendered":"<p>LAUREN Teen Pop Diver mit Glitzerdelfin.<br \/>Toi-Toys teenie-Puppe. Diese Teenager-Puppe tr\u00e4gt ein wundersch\u00f6nen Taucher-Outfit.<br \/>Ihr langes blondes Haar sieht wie immer wundersch\u00f6n aus. Sie hat auch einen supers\u00fc\u00dfen Delfin dabei, der glitzert und mit dir zusammen in das n\u00e4chste Abenteuer schwimmen kann.<br \/>Haben Sie die besten Abenteuer mit ihr erlebt?<br \/>&nbsp;<\/p>\n<p>Gr\u00f6\u00dfe Artikel: L\u00e4nge ca. 30 cm<br \/>Packma\u00df: 33 x 20 x 8 cm<br \/>Material: Kunststoff<br \/>Altersempfehlung: Ab 3 Jahre<br \/>Achtung! Nicht f\u00fcr Kinder unter 36 Monaten geeignet wegen verschluckbarer Kleinteile, Erstickungsgefahr.<\/p>\n","protected":false},"excerpt":{"rendered":"<p>LAUREN Teen Pop Diver mit Glitzerdelfin !<\/p>\n","protected":false},"featured_media":16946,"comment_status":"closed","ping_status":"open","template":"","meta":[],"product_brand":[],"product_cat":[522],"product_tag":[],"class_list":{"0":"post-16945","1":"product","2":"type-product","3":"status-publish","4":"has-post-thumbnail","6":"product_cat-puppen","8":"first","9":"instock","10":"shipping-taxable","11":"purchasable","12":"product-type-simple"},"_links":{"self":[{"href":"https:\/\/9play.de\/shop\/wp-json\/wp\/v2\/product\/16945","targetHints":{"allow":["GET"]}}],"collection":[{"href":"https:\/\/9play.de\/shop\/wp-json\/wp\/v2\/product"}],"about":[{"href":"https:\/\/9play.de\/shop\/wp-json\/wp\/v2\/types\/product"}],"replies":[{"embeddable":true,"href":"https:\/\/9play.de\/shop\/wp-json\/wp\/v2\/comments?post=16945"}],"wp:featuredmedia":[{"embeddable":true,"href":"https:\/\/9play.de\/shop\/wp-json\/wp\/v2\/media\/16946"}],"wp:attachment":[{"href":"https:\/\/9play.de\/shop\/wp-json\/wp\/v2\/media?parent=16945"}],"wp:term":[{"taxonomy":"product_brand","embeddable":true,"href":"https:\/\/9play.de\/shop\/wp-json\/wp\/v2\/product_brand?post=16945"},{"taxonomy":"product_cat","embeddable":true,"href":"https:\/\/9play.de\/shop\/wp-json\/wp\/v2\/product_cat?post=16945"},{"taxonomy":"product_tag","embeddable":true,"href":"https:\/\/9play.de\/shop\/wp-json\/wp\/v2\/product_tag?post=16945"}],"curies":[{"name":"wp","href":"https:\/\/api.w.org\/{rel}","templated":true}]}}