{"id":16950,"date":"2024-10-06T18:19:53","date_gmt":"2024-10-06T16:19:53","guid":{"rendered":"https:\/\/9play.de\/shop\/produkt\/aerztin-mit-baby-puppe-und-arzt-praxis\/"},"modified":"2024-10-06T18:20:20","modified_gmt":"2024-10-06T16:20:20","slug":"aerztin-mit-baby-puppe-und-arzt-praxis","status":"publish","type":"product","link":"https:\/\/9play.de\/shop\/produkt\/aerztin-mit-baby-puppe-und-arzt-praxis\/","title":{"rendered":"\u00c4rztin mit Baby Puppe und Arzt &#8211; Praxis"},"content":{"rendered":"<p>Das Spielzeugset Kinderarzt von Lauren enth\u00e4lt ein Baby und viel Zubeh\u00f6r f\u00fcr die Untersuchung.<br \/>Bei der Behandlung von Kindern tr\u00e4gt die Kinder\u00e4rztin einen Kittel und ein Stethoskop.<br \/>Die Babypuppe ist in eine Decke geh\u00fcllt und kann im passenden Kinderbett mit Mobile zur Untersuchung gebracht werden.<br \/>Die Arztpuppe ist mit einem Klemmbett, einer Spritze, einem Arztkoffer und weiteren Utensilien zur Behandlung und Untersuchung ausgestattet.<br \/>&nbsp;<\/p>\n<p>Material: Kunststoff, Stoff<br \/>Gr\u00f6\u00dfe: ca. 31,5 x 24 x 5,5 cm<br \/>Altersempfehlung: Ab 3 Jahre<br \/>Achtung! Nicht f\u00fcr Kinder unter 36 Monaten geeignet wegen verschluckbarer Kleinteile, Erstickungsgefahr.<\/p>\n","protected":false},"excerpt":{"rendered":"<p>LAUREN Teenager-Puppe Arzt mit Zubeh\u00f6r und Baby !<\/p>\n","protected":false},"featured_media":16951,"comment_status":"closed","ping_status":"open","template":"","meta":[],"product_brand":[],"product_cat":[522],"product_tag":[],"class_list":{"0":"post-16950","1":"product","2":"type-product","3":"status-publish","4":"has-post-thumbnail","6":"product_cat-puppen","8":"first","9":"instock","10":"shipping-taxable","11":"purchasable","12":"product-type-simple"},"_links":{"self":[{"href":"https:\/\/9play.de\/shop\/wp-json\/wp\/v2\/product\/16950","targetHints":{"allow":["GET"]}}],"collection":[{"href":"https:\/\/9play.de\/shop\/wp-json\/wp\/v2\/product"}],"about":[{"href":"https:\/\/9play.de\/shop\/wp-json\/wp\/v2\/types\/product"}],"replies":[{"embeddable":true,"href":"https:\/\/9play.de\/shop\/wp-json\/wp\/v2\/comments?post=16950"}],"wp:featuredmedia":[{"embeddable":true,"href":"https:\/\/9play.de\/shop\/wp-json\/wp\/v2\/media\/16951"}],"wp:attachment":[{"href":"https:\/\/9play.de\/shop\/wp-json\/wp\/v2\/media?parent=16950"}],"wp:term":[{"taxonomy":"product_brand","embeddable":true,"href":"https:\/\/9play.de\/shop\/wp-json\/wp\/v2\/product_brand?post=16950"},{"taxonomy":"product_cat","embeddable":true,"href":"https:\/\/9play.de\/shop\/wp-json\/wp\/v2\/product_cat?post=16950"},{"taxonomy":"product_tag","embeddable":true,"href":"https:\/\/9play.de\/shop\/wp-json\/wp\/v2\/product_tag?post=16950"}],"curies":[{"name":"wp","href":"https:\/\/api.w.org\/{rel}","templated":true}]}}