{"id":16955,"date":"2024-10-06T18:19:53","date_gmt":"2024-10-06T16:19:53","guid":{"rendered":"https:\/\/9play.de\/shop\/produkt\/windel-und-flasche-in-wickeltasche-fuer-baby-puppen\/"},"modified":"2024-10-06T18:20:23","modified_gmt":"2024-10-06T16:20:23","slug":"windel-und-flasche-in-wickeltasche-fuer-baby-puppen","status":"publish","type":"product","link":"https:\/\/9play.de\/shop\/produkt\/windel-und-flasche-in-wickeltasche-fuer-baby-puppen\/","title":{"rendered":"Windel und Flasche in Wickeltasche f\u00fcr Baby-Puppen"},"content":{"rendered":"<p>Puppen Wickeltasche Beau Baby von Toi Toys.<br \/>Wickeltasche mit Zubeh\u00f6r. Es ist eine tolle Puppen Wickeltasche mit Zubeh\u00f6r.<br \/>Dieses Zubeh\u00f6r ist die perfekte Erg\u00e4nzung f\u00fcr Ihre Puppensammlung!<br \/>Von nun an hast du und deine Puppen eine eigene Wickeltasche mit vier Flaschen und eine Windel f\u00fcr die Verpflegung der Kinder-Puppe.<br \/>&nbsp;<\/p>\n<p>Gr\u00f6\u00dfe: ca. 20 x 17 cm<br \/>Teile: 7 Teilig<br \/>Altersempfehlung: Ab 3 Jahre<br \/>Material: Kunststoff, Stoff<br \/>Achtung! Nicht f\u00fcr Kinder unter 36 Monaten geeignet wegen verschluckbarer Kleinteile, Erstickungsgefahr.<\/p>\n","protected":false},"excerpt":{"rendered":"<p>BEAU Tasche mt Zubeh\u00f6r f\u00fcr Babypuppe !<\/p>\n","protected":false},"featured_media":16956,"comment_status":"closed","ping_status":"open","template":"","meta":[],"product_brand":[],"product_cat":[522],"product_tag":[],"class_list":{"0":"post-16955","1":"product","2":"type-product","3":"status-publish","4":"has-post-thumbnail","6":"product_cat-puppen","8":"first","9":"instock","10":"shipping-taxable","11":"purchasable","12":"product-type-simple"},"_links":{"self":[{"href":"https:\/\/9play.de\/shop\/wp-json\/wp\/v2\/product\/16955","targetHints":{"allow":["GET"]}}],"collection":[{"href":"https:\/\/9play.de\/shop\/wp-json\/wp\/v2\/product"}],"about":[{"href":"https:\/\/9play.de\/shop\/wp-json\/wp\/v2\/types\/product"}],"replies":[{"embeddable":true,"href":"https:\/\/9play.de\/shop\/wp-json\/wp\/v2\/comments?post=16955"}],"wp:featuredmedia":[{"embeddable":true,"href":"https:\/\/9play.de\/shop\/wp-json\/wp\/v2\/media\/16956"}],"wp:attachment":[{"href":"https:\/\/9play.de\/shop\/wp-json\/wp\/v2\/media?parent=16955"}],"wp:term":[{"taxonomy":"product_brand","embeddable":true,"href":"https:\/\/9play.de\/shop\/wp-json\/wp\/v2\/product_brand?post=16955"},{"taxonomy":"product_cat","embeddable":true,"href":"https:\/\/9play.de\/shop\/wp-json\/wp\/v2\/product_cat?post=16955"},{"taxonomy":"product_tag","embeddable":true,"href":"https:\/\/9play.de\/shop\/wp-json\/wp\/v2\/product_tag?post=16955"}],"curies":[{"name":"wp","href":"https:\/\/api.w.org\/{rel}","templated":true}]}}