{"id":16969,"date":"2024-10-06T18:19:53","date_gmt":"2024-10-06T16:19:53","guid":{"rendered":"https:\/\/9play.de\/shop\/produkt\/teenager-puppe-glitzer-fee-weiss-22-cm\/"},"modified":"2024-10-06T18:20:31","modified_gmt":"2024-10-06T16:20:31","slug":"teenager-puppe-glitzer-fee-weiss-22-cm","status":"publish","type":"product","link":"https:\/\/9play.de\/shop\/produkt\/teenager-puppe-glitzer-fee-weiss-22-cm\/","title":{"rendered":"Teenager Puppe Glitzer Fee wei\u00df 22 cm"},"content":{"rendered":"<p>FAIRY FRIENDS Fee mit Glitzerfl\u00fcgel !<br \/>Toi-Toys Teenagerpuppe Glitzerfee k\u00f6nnte deine neue Zauberfee werden.<br \/>Diese Fee hat ihr bestes Outfit angezogen, um abends im Elfendorf zu zaubern.<br \/>Kannst du daf\u00fcr sorgen, dass sie dank ihrer wundersch\u00f6nen, glitzernden Fl\u00fcgel sicher auf der Party ankommt?<br \/>&nbsp;<\/p>\n<p>Gr\u00f6\u00dfe: ca. 25 x 20 x 5 cm<br \/>Material: Kunststoff, Polyester<br \/>Altersempfehlung: Ab 3 Jahre<br \/>Achtung! Nicht f\u00fcr Kinder unter 36 Monaten geeignet wegen verschluckbarer Kleinteile, Erstickungsgefahr.<\/p>\n","protected":false},"excerpt":{"rendered":"<p>FAIRY FRIENDS Fee mit Glitzerfl\u00fcgel !<\/p>\n","protected":false},"featured_media":16970,"comment_status":"closed","ping_status":"open","template":"","meta":[],"product_brand":[],"product_cat":[522],"product_tag":[],"class_list":{"0":"post-16969","1":"product","2":"type-product","3":"status-publish","4":"has-post-thumbnail","6":"product_cat-puppen","8":"first","9":"instock","10":"shipping-taxable","11":"purchasable","12":"product-type-simple"},"_links":{"self":[{"href":"https:\/\/9play.de\/shop\/wp-json\/wp\/v2\/product\/16969","targetHints":{"allow":["GET"]}}],"collection":[{"href":"https:\/\/9play.de\/shop\/wp-json\/wp\/v2\/product"}],"about":[{"href":"https:\/\/9play.de\/shop\/wp-json\/wp\/v2\/types\/product"}],"replies":[{"embeddable":true,"href":"https:\/\/9play.de\/shop\/wp-json\/wp\/v2\/comments?post=16969"}],"wp:featuredmedia":[{"embeddable":true,"href":"https:\/\/9play.de\/shop\/wp-json\/wp\/v2\/media\/16970"}],"wp:attachment":[{"href":"https:\/\/9play.de\/shop\/wp-json\/wp\/v2\/media?parent=16969"}],"wp:term":[{"taxonomy":"product_brand","embeddable":true,"href":"https:\/\/9play.de\/shop\/wp-json\/wp\/v2\/product_brand?post=16969"},{"taxonomy":"product_cat","embeddable":true,"href":"https:\/\/9play.de\/shop\/wp-json\/wp\/v2\/product_cat?post=16969"},{"taxonomy":"product_tag","embeddable":true,"href":"https:\/\/9play.de\/shop\/wp-json\/wp\/v2\/product_tag?post=16969"}],"curies":[{"name":"wp","href":"https:\/\/api.w.org\/{rel}","templated":true}]}}