{"id":16987,"date":"2024-10-06T18:19:53","date_gmt":"2024-10-06T16:19:53","guid":{"rendered":"https:\/\/9play.de\/shop\/produkt\/2er-pferde-set-mit-zubehoer-spielzeugpferde-mit-langer-maehne\/"},"modified":"2024-10-06T18:20:41","modified_gmt":"2024-10-06T16:20:41","slug":"2er-pferde-set-mit-zubehoer-spielzeugpferde-mit-langer-maehne","status":"publish","type":"product","link":"https:\/\/9play.de\/shop\/produkt\/2er-pferde-set-mit-zubehoer-spielzeugpferde-mit-langer-maehne\/","title":{"rendered":"2er Pferde Set mit Zubeh\u00f6r Spielzeugpferde mit langer M\u00e4hne"},"content":{"rendered":"<p>Du bekommst gleich zwei Pferde als Freunde.<br \/>Wundersch\u00f6nes 2er Pferdeset mit langer M\u00e4hne und 4 teiligem&nbsp;Zubeh\u00f6r !<br \/>Der Sattel ist abnehmbar. Es ist alles dabei was du f\u00fcr die Pflege deiner Pferde brauchst.<br \/>Ein Eimer, B\u00fcrste zu k\u00e4mmen der M\u00e4hne, Schaufel und Spatengabel.<\/p>\n<p>Gr\u00f6\u00dfe der Pferde: ca. 17&nbsp;x 15 cm<br \/>Material: Kunststoff<br \/>Altersempfehlung: Ab 3 Jahre<br \/>Achtung! Nicht f\u00fcr Kinder unter 36 Monaten geeignet wegen verschluckbarer Kleinteile, Erstickungsgefahr.<\/p>\n","protected":false},"excerpt":{"rendered":"<p>Wundersch\u00f6nes 2er Pferdeset mit langer M\u00e4hne und 4 teiligem Zubeh\u00f6r !<\/p>\n","protected":false},"featured_media":16988,"comment_status":"closed","ping_status":"open","template":"","meta":[],"product_brand":[],"product_cat":[516],"product_tag":[],"class_list":{"0":"post-16987","1":"product","2":"type-product","3":"status-publish","4":"has-post-thumbnail","6":"product_cat-bauernhof","8":"first","9":"instock","10":"shipping-taxable","11":"purchasable","12":"product-type-simple"},"_links":{"self":[{"href":"https:\/\/9play.de\/shop\/wp-json\/wp\/v2\/product\/16987","targetHints":{"allow":["GET"]}}],"collection":[{"href":"https:\/\/9play.de\/shop\/wp-json\/wp\/v2\/product"}],"about":[{"href":"https:\/\/9play.de\/shop\/wp-json\/wp\/v2\/types\/product"}],"replies":[{"embeddable":true,"href":"https:\/\/9play.de\/shop\/wp-json\/wp\/v2\/comments?post=16987"}],"wp:featuredmedia":[{"embeddable":true,"href":"https:\/\/9play.de\/shop\/wp-json\/wp\/v2\/media\/16988"}],"wp:attachment":[{"href":"https:\/\/9play.de\/shop\/wp-json\/wp\/v2\/media?parent=16987"}],"wp:term":[{"taxonomy":"product_brand","embeddable":true,"href":"https:\/\/9play.de\/shop\/wp-json\/wp\/v2\/product_brand?post=16987"},{"taxonomy":"product_cat","embeddable":true,"href":"https:\/\/9play.de\/shop\/wp-json\/wp\/v2\/product_cat?post=16987"},{"taxonomy":"product_tag","embeddable":true,"href":"https:\/\/9play.de\/shop\/wp-json\/wp\/v2\/product_tag?post=16987"}],"curies":[{"name":"wp","href":"https:\/\/api.w.org\/{rel}","templated":true}]}}