{"id":17002,"date":"2024-10-06T18:20:48","date_gmt":"2024-10-06T16:20:48","guid":{"rendered":"https:\/\/9play.de\/shop\/produkt\/kinder-kostuem-einhorn-mit-fluegel-und-tutu\/"},"modified":"2024-10-06T18:20:51","modified_gmt":"2024-10-06T16:20:51","slug":"kinder-kostuem-einhorn-mit-fluegel-und-tutu","status":"publish","type":"product","link":"https:\/\/9play.de\/shop\/produkt\/kinder-kostuem-einhorn-mit-fluegel-und-tutu\/","title":{"rendered":"Kinder-Kost\u00fcm Einhorn mit Fl\u00fcgel und Tutu"},"content":{"rendered":"<p>Wer m\u00f6chte nicht ein Einhorn sein?<br \/>Mit diesem Kost\u00fcm verwandelt sich jedes Kind in ein buntes Einhorn.<br \/>Dieses Toi-Toys Dream Horse Kinderkost\u00fcm Set Einhorn enth\u00e4lt ein Diadem, Regenbogenfl\u00fcgel und ein Tutu.<br \/>Wirst du zum Regenbogen fliegen?<br \/>Das tolle Set enth\u00e4lt sogar eine Malvorlage.<br \/>&nbsp;<\/p>\n<p>Packma\u00df: ca. 53 x 33 x 3 cm<br \/>Material: T\u00fcll<br \/>Altersempfehlung: Ab 3 Jahre<br \/>Achtung! Nicht f\u00fcr Kinder unter 36 Monaten geeignet wegen verschluckbarer Kleinteile, Erstickungsgefahr.<\/p>\n","protected":false},"excerpt":{"rendered":"<p>Wer m\u00f6chte nicht ein Einhorn sein?<\/p>\n","protected":false},"featured_media":17003,"comment_status":"closed","ping_status":"open","template":"","meta":[],"product_brand":[],"product_cat":[518],"product_tag":[],"class_list":{"0":"post-17002","1":"product","2":"type-product","3":"status-publish","4":"has-post-thumbnail","6":"product_cat-verkleiden","8":"first","9":"instock","10":"shipping-taxable","11":"purchasable","12":"product-type-simple"},"_links":{"self":[{"href":"https:\/\/9play.de\/shop\/wp-json\/wp\/v2\/product\/17002","targetHints":{"allow":["GET"]}}],"collection":[{"href":"https:\/\/9play.de\/shop\/wp-json\/wp\/v2\/product"}],"about":[{"href":"https:\/\/9play.de\/shop\/wp-json\/wp\/v2\/types\/product"}],"replies":[{"embeddable":true,"href":"https:\/\/9play.de\/shop\/wp-json\/wp\/v2\/comments?post=17002"}],"wp:featuredmedia":[{"embeddable":true,"href":"https:\/\/9play.de\/shop\/wp-json\/wp\/v2\/media\/17003"}],"wp:attachment":[{"href":"https:\/\/9play.de\/shop\/wp-json\/wp\/v2\/media?parent=17002"}],"wp:term":[{"taxonomy":"product_brand","embeddable":true,"href":"https:\/\/9play.de\/shop\/wp-json\/wp\/v2\/product_brand?post=17002"},{"taxonomy":"product_cat","embeddable":true,"href":"https:\/\/9play.de\/shop\/wp-json\/wp\/v2\/product_cat?post=17002"},{"taxonomy":"product_tag","embeddable":true,"href":"https:\/\/9play.de\/shop\/wp-json\/wp\/v2\/product_tag?post=17002"}],"curies":[{"name":"wp","href":"https:\/\/api.w.org\/{rel}","templated":true}]}}