{"id":17007,"date":"2024-10-06T18:20:48","date_gmt":"2024-10-06T16:20:48","guid":{"rendered":"https:\/\/9play.de\/shop\/produkt\/kinder-kostuem-schmetterlings-fee\/"},"modified":"2024-10-06T18:20:54","modified_gmt":"2024-10-06T16:20:54","slug":"kinder-kostuem-schmetterlings-fee","status":"publish","type":"product","link":"https:\/\/9play.de\/shop\/produkt\/kinder-kostuem-schmetterlings-fee\/","title":{"rendered":"Kinder-Kost\u00fcm Schmetterlings-Fee"},"content":{"rendered":"<p>Toi Toys Kost\u00fcm mit Tutu, Haarreifen, Fl\u00fcgeln und Stab.<br \/>Das wundersch\u00f6ne Kinderkost\u00fcm ist mit Sternen verziert und bringt das Outfit zum gl\u00e4nzen.<br \/>Wer m\u00f6chte nicht eine Zauber-Fee sein?<br \/>Verkleide dich jetzt und versetze dich in das Rollenspiel einer Zauber-Fee die in einem Feenwald lebt.<br \/>&nbsp;<\/p>\n<p>Farbauswahl erfolgt per Zufall.<br \/>Gr\u00f6\u00dfe: ca. 48 x 40 cm<br \/>Material: T\u00fcll<br \/>Altersempfehlung: Ab 3 Jahre<br \/>Achtung! Nicht f\u00fcr Kinder unter 36 Monaten geeignet wegen verschluckbarer Kleinteile, Erstickungsgefahr.<\/p>\n","protected":false},"excerpt":{"rendered":"<p>Wer m\u00f6chte nicht eine Zauber-Fee sein?<\/p>\n","protected":false},"featured_media":17008,"comment_status":"closed","ping_status":"open","template":"","meta":[],"product_brand":[],"product_cat":[518],"product_tag":[],"class_list":{"0":"post-17007","1":"product","2":"type-product","3":"status-publish","4":"has-post-thumbnail","6":"product_cat-verkleiden","8":"first","9":"instock","10":"shipping-taxable","11":"purchasable","12":"product-type-simple"},"_links":{"self":[{"href":"https:\/\/9play.de\/shop\/wp-json\/wp\/v2\/product\/17007","targetHints":{"allow":["GET"]}}],"collection":[{"href":"https:\/\/9play.de\/shop\/wp-json\/wp\/v2\/product"}],"about":[{"href":"https:\/\/9play.de\/shop\/wp-json\/wp\/v2\/types\/product"}],"replies":[{"embeddable":true,"href":"https:\/\/9play.de\/shop\/wp-json\/wp\/v2\/comments?post=17007"}],"wp:featuredmedia":[{"embeddable":true,"href":"https:\/\/9play.de\/shop\/wp-json\/wp\/v2\/media\/17008"}],"wp:attachment":[{"href":"https:\/\/9play.de\/shop\/wp-json\/wp\/v2\/media?parent=17007"}],"wp:term":[{"taxonomy":"product_brand","embeddable":true,"href":"https:\/\/9play.de\/shop\/wp-json\/wp\/v2\/product_brand?post=17007"},{"taxonomy":"product_cat","embeddable":true,"href":"https:\/\/9play.de\/shop\/wp-json\/wp\/v2\/product_cat?post=17007"},{"taxonomy":"product_tag","embeddable":true,"href":"https:\/\/9play.de\/shop\/wp-json\/wp\/v2\/product_tag?post=17007"}],"curies":[{"name":"wp","href":"https:\/\/api.w.org\/{rel}","templated":true}]}}