{"id":17032,"date":"2024-10-06T18:20:48","date_gmt":"2024-10-06T16:20:48","guid":{"rendered":"https:\/\/9play.de\/shop\/produkt\/schmuckset-prinzessin-tiara-kostuem\/"},"modified":"2024-10-06T18:21:08","modified_gmt":"2024-10-06T16:21:08","slug":"schmuckset-prinzessin-tiara-kostuem","status":"publish","type":"product","link":"https:\/\/9play.de\/shop\/produkt\/schmuckset-prinzessin-tiara-kostuem\/","title":{"rendered":"Schmuckset Prinzessin Tiara Kost\u00fcm"},"content":{"rendered":"<p>Toller Schmuckset Prinzessin Tiara mit Zauberstab, Halskette, Ring, 2 Ohringe und Krone !<br \/>Genau das passende zu deinem Prinzessinen Kost\u00fcm.<br \/>Ideale erg\u00e4nzung zu deiner Fasching-Verkleidung. Sei eine richtige Prinzessin mit dem passenden Schmuck.<br \/>Trage ein Diadem und die Welt liegt dir zu F\u00fc\u00dfen. Was macht ein normales M\u00e4dchen zur bezaubernden Prinzessin?<br \/>Nat\u00fcrlich ihre Krone! Dieser Prinzessin Schmuck Set ist genau das Richtige! Krone, Schmuck, glitzernde Steine!<br \/>Kleine Prinzessinnen und Sch\u00f6nheitsk\u00f6niginnen werden von diesem wundersch\u00f6nen Schmuck Set begeistert sein.<br \/>F\u00fcr die eigentlichen Ohrringe mit Clip ben\u00f6tigen die kleinen Prinzessinnen keine durchsto\u00dfenen Ohrl\u00e4ppchen.<br \/>Das ist ein wundersch\u00f6nes, edles Schmuckset, dass nicht jedes M\u00e4dchen hat.<br \/>&nbsp;<\/p>\n<p>Gr\u00f6\u00dfe Verpackung: ca. 26 x 20 x 5 cm<br \/>Material: Kunststoff<br \/>Altersempfehlung: Ab 3 Jahre<br \/>Achtung! Nicht f\u00fcr Kinder unter 36 Monaten geeignet wegen verschluckbarer Kleinteile, Erstickungsgefahr.<\/p>\n","protected":false},"excerpt":{"rendered":"<p>Schmuckset Prinzessin Tiara, Zauberstab, Halskette, Ring, 2 Ohringe und Krone !<\/p>\n","protected":false},"featured_media":17033,"comment_status":"closed","ping_status":"open","template":"","meta":[],"product_brand":[],"product_cat":[518],"product_tag":[],"class_list":{"0":"post-17032","1":"product","2":"type-product","3":"status-publish","4":"has-post-thumbnail","6":"product_cat-verkleiden","8":"first","9":"instock","10":"shipping-taxable","11":"purchasable","12":"product-type-simple"},"_links":{"self":[{"href":"https:\/\/9play.de\/shop\/wp-json\/wp\/v2\/product\/17032","targetHints":{"allow":["GET"]}}],"collection":[{"href":"https:\/\/9play.de\/shop\/wp-json\/wp\/v2\/product"}],"about":[{"href":"https:\/\/9play.de\/shop\/wp-json\/wp\/v2\/types\/product"}],"replies":[{"embeddable":true,"href":"https:\/\/9play.de\/shop\/wp-json\/wp\/v2\/comments?post=17032"}],"wp:featuredmedia":[{"embeddable":true,"href":"https:\/\/9play.de\/shop\/wp-json\/wp\/v2\/media\/17033"}],"wp:attachment":[{"href":"https:\/\/9play.de\/shop\/wp-json\/wp\/v2\/media?parent=17032"}],"wp:term":[{"taxonomy":"product_brand","embeddable":true,"href":"https:\/\/9play.de\/shop\/wp-json\/wp\/v2\/product_brand?post=17032"},{"taxonomy":"product_cat","embeddable":true,"href":"https:\/\/9play.de\/shop\/wp-json\/wp\/v2\/product_cat?post=17032"},{"taxonomy":"product_tag","embeddable":true,"href":"https:\/\/9play.de\/shop\/wp-json\/wp\/v2\/product_tag?post=17032"}],"curies":[{"name":"wp","href":"https:\/\/api.w.org\/{rel}","templated":true}]}}