{"id":17042,"date":"2024-10-06T18:20:48","date_gmt":"2024-10-06T16:20:48","guid":{"rendered":"https:\/\/9play.de\/shop\/produkt\/arzt-koffer-5-teilig-doctors-office\/"},"modified":"2024-10-06T18:21:13","modified_gmt":"2024-10-06T16:21:13","slug":"arzt-koffer-5-teilig-doctors-office","status":"publish","type":"product","link":"https:\/\/9play.de\/shop\/produkt\/arzt-koffer-5-teilig-doctors-office\/","title":{"rendered":"Arzt Koffer 5-teilig &#8211; Doctor\u2019s Office"},"content":{"rendered":"<p>Um unterwegs jederzeit helfen K\u00f6nnen, muss die Tasche gut gepackt sein.<br \/>In dieser Doktor Tasche ist alles, was du brauchst um erste Hilfe leisten zu k\u00f6nnen!<br \/>Arzt-Stofftasche mit Kunststoffgriff super geeignet f\u00fcr Unterwegs.<br \/>&nbsp;<\/p>\n<p>Inhalt der Tasche: Spielzeug-Stethoskop, Thermometer, Spritze. Inhalt: Stofftasche, Stethoskop, Thermometer, Spritze, Arzt-Ausweis<br \/>Altersempfehlung: Ab 4 Jahre<br \/>Material: Kunststoff, Stoff<br \/>Gr\u00f6\u00dfe: ca. 22,5 \u00d7 20\u00d7 8 cm<\/p>\n<p>Achtung: Nicht f\u00fcr Kinder unter 36 Monaten geeignet wegen verschluckbarer Kleinteile, Erstickungsgefahr. Achtung: Benutzung unter unmittelbarer Aufsicht von Erwachsenen.<\/p>\n","protected":false},"excerpt":{"rendered":"<p>Um unterwegs jederzeit helfen K\u00f6nnen, muss die Tasche gut gepackt sein. In dieser Doktor Tasche ist alles, was du brauchst um erste Hilfe leisten zu k\u00f6nnen!<\/p>\n","protected":false},"featured_media":17043,"comment_status":"closed","ping_status":"open","template":"","meta":[],"product_brand":[],"product_cat":[444],"product_tag":[],"class_list":{"0":"post-17042","1":"product","2":"type-product","3":"status-publish","4":"has-post-thumbnail","6":"product_cat-arzt","8":"first","9":"instock","10":"shipping-taxable","11":"purchasable","12":"product-type-simple"},"_links":{"self":[{"href":"https:\/\/9play.de\/shop\/wp-json\/wp\/v2\/product\/17042","targetHints":{"allow":["GET"]}}],"collection":[{"href":"https:\/\/9play.de\/shop\/wp-json\/wp\/v2\/product"}],"about":[{"href":"https:\/\/9play.de\/shop\/wp-json\/wp\/v2\/types\/product"}],"replies":[{"embeddable":true,"href":"https:\/\/9play.de\/shop\/wp-json\/wp\/v2\/comments?post=17042"}],"wp:featuredmedia":[{"embeddable":true,"href":"https:\/\/9play.de\/shop\/wp-json\/wp\/v2\/media\/17043"}],"wp:attachment":[{"href":"https:\/\/9play.de\/shop\/wp-json\/wp\/v2\/media?parent=17042"}],"wp:term":[{"taxonomy":"product_brand","embeddable":true,"href":"https:\/\/9play.de\/shop\/wp-json\/wp\/v2\/product_brand?post=17042"},{"taxonomy":"product_cat","embeddable":true,"href":"https:\/\/9play.de\/shop\/wp-json\/wp\/v2\/product_cat?post=17042"},{"taxonomy":"product_tag","embeddable":true,"href":"https:\/\/9play.de\/shop\/wp-json\/wp\/v2\/product_tag?post=17042"}],"curies":[{"name":"wp","href":"https:\/\/api.w.org\/{rel}","templated":true}]}}