{"id":17065,"date":"2024-10-06T18:20:48","date_gmt":"2024-10-06T16:20:48","guid":{"rendered":"https:\/\/9play.de\/shop\/produkt\/bmw-330i-als-polizei-feuerwehr-notarzt-einsatzwagen\/"},"modified":"2024-10-06T18:21:26","modified_gmt":"2024-10-06T16:21:26","slug":"bmw-330i-als-polizei-feuerwehr-notarzt-einsatzwagen","status":"publish","type":"product","link":"https:\/\/9play.de\/shop\/produkt\/bmw-330i-als-polizei-feuerwehr-notarzt-einsatzwagen\/","title":{"rendered":"BMW 330i als Polizei, Feuerwehr, Notarzt Einsatzwagen"},"content":{"rendered":"<p>Modell eines BMW 330i als Polizei, Feuerwehr oder Notarzt T\u00fcren kann man \u00f6ffnen und die Fahrzeuge haben Freilaufr\u00e4der.<br \/>Info: Artikel ist sortiert, die Auswahl erfolgt per Zufall.&nbsp;Oder Wunschvariante bei der Bestellung im Kommentar erw\u00e4hnen.<\/p>\n<p>Inhalt: BMW Polizei Pkw<br \/>Altersempfehlung: Ab 3 Jahre<br \/>Material: Metall, Kunststoff<br \/>Gr\u00f6\u00dfe: ca. 11cm<br \/>Verpackung: ca. 11,5 x 14,5 x 6 cm<br \/>Achtung: Nicht f\u00fcr Kinder unter 36 Monaten geeignet wegen verschluckbarer Kleinteile, Erstickungsgefahr.<\/p>\n","protected":false},"excerpt":{"rendered":"<p>Modell eines BMW 330i als Polizei, Feuerwehr oder Notarzt<\/p>\n","protected":false},"featured_media":17066,"comment_status":"closed","ping_status":"open","template":"","meta":[],"product_brand":[],"product_cat":[526],"product_tag":[],"class_list":{"0":"post-17065","1":"product","2":"type-product","3":"status-publish","4":"has-post-thumbnail","6":"product_cat-pkws","8":"first","9":"instock","10":"shipping-taxable","11":"purchasable","12":"product-type-simple"},"_links":{"self":[{"href":"https:\/\/9play.de\/shop\/wp-json\/wp\/v2\/product\/17065","targetHints":{"allow":["GET"]}}],"collection":[{"href":"https:\/\/9play.de\/shop\/wp-json\/wp\/v2\/product"}],"about":[{"href":"https:\/\/9play.de\/shop\/wp-json\/wp\/v2\/types\/product"}],"replies":[{"embeddable":true,"href":"https:\/\/9play.de\/shop\/wp-json\/wp\/v2\/comments?post=17065"}],"wp:featuredmedia":[{"embeddable":true,"href":"https:\/\/9play.de\/shop\/wp-json\/wp\/v2\/media\/17066"}],"wp:attachment":[{"href":"https:\/\/9play.de\/shop\/wp-json\/wp\/v2\/media?parent=17065"}],"wp:term":[{"taxonomy":"product_brand","embeddable":true,"href":"https:\/\/9play.de\/shop\/wp-json\/wp\/v2\/product_brand?post=17065"},{"taxonomy":"product_cat","embeddable":true,"href":"https:\/\/9play.de\/shop\/wp-json\/wp\/v2\/product_cat?post=17065"},{"taxonomy":"product_tag","embeddable":true,"href":"https:\/\/9play.de\/shop\/wp-json\/wp\/v2\/product_tag?post=17065"}],"curies":[{"name":"wp","href":"https:\/\/api.w.org\/{rel}","templated":true}]}}