{"id":17075,"date":"2024-10-06T18:20:48","date_gmt":"2024-10-06T16:20:48","guid":{"rendered":"https:\/\/9play.de\/shop\/produkt\/suv-auto-mit-ein-wohnwagen-als-anhaenger\/"},"modified":"2024-10-06T18:21:30","modified_gmt":"2024-10-06T16:21:30","slug":"suv-auto-mit-ein-wohnwagen-als-anhaenger","status":"publish","type":"product","link":"https:\/\/9play.de\/shop\/produkt\/suv-auto-mit-ein-wohnwagen-als-anhaenger\/","title":{"rendered":"SUV Auto mit ein Wohnwagen als Anh\u00e4nger"},"content":{"rendered":"<p>Spielzeugmodell eines Gel\u00e4ndewagens als Zugmaschine und eines Wohnwagens.<br \/>F\u00fcr kleine Camping Urlaub Liebhaber. Beim SUV \u00f6ffnen sich T\u00fcren und es hat einen R\u00fcckzug Funktion.<br \/>Der Wohnwagen hat Freilaufr\u00e4der.<\/p>\n<p>Inhalt: Gel\u00e4ndewagen, Wohnwagen<br \/>Altersempfehlung: Ab 3 Jahre<br \/>Material: Metall, Kunststoff<br \/>Gr\u00f6\u00dfe: ca. 5,5 x 7 x 30 cm<br \/>Verpackung: ca. 32 x 6,5 x 8 cm<br \/>Achtung: Nicht f\u00fcr Kinder unter 36 Monaten geeignet wegen verschluckbarer Kleinteile, Erstickungsgefahr.<\/p>\n","protected":false},"excerpt":{"rendered":"<p>Spielzeugmodell eines Gel\u00e4ndewagens als Zugmaschine und eines Wohnwagens !<\/p>\n","protected":false},"featured_media":17076,"comment_status":"closed","ping_status":"open","template":"","meta":[],"product_brand":[],"product_cat":[526],"product_tag":[],"class_list":{"0":"post-17075","1":"product","2":"type-product","3":"status-publish","4":"has-post-thumbnail","6":"product_cat-pkws","8":"first","9":"instock","10":"shipping-taxable","11":"purchasable","12":"product-type-simple"},"_links":{"self":[{"href":"https:\/\/9play.de\/shop\/wp-json\/wp\/v2\/product\/17075","targetHints":{"allow":["GET"]}}],"collection":[{"href":"https:\/\/9play.de\/shop\/wp-json\/wp\/v2\/product"}],"about":[{"href":"https:\/\/9play.de\/shop\/wp-json\/wp\/v2\/types\/product"}],"replies":[{"embeddable":true,"href":"https:\/\/9play.de\/shop\/wp-json\/wp\/v2\/comments?post=17075"}],"wp:featuredmedia":[{"embeddable":true,"href":"https:\/\/9play.de\/shop\/wp-json\/wp\/v2\/media\/17076"}],"wp:attachment":[{"href":"https:\/\/9play.de\/shop\/wp-json\/wp\/v2\/media?parent=17075"}],"wp:term":[{"taxonomy":"product_brand","embeddable":true,"href":"https:\/\/9play.de\/shop\/wp-json\/wp\/v2\/product_brand?post=17075"},{"taxonomy":"product_cat","embeddable":true,"href":"https:\/\/9play.de\/shop\/wp-json\/wp\/v2\/product_cat?post=17075"},{"taxonomy":"product_tag","embeddable":true,"href":"https:\/\/9play.de\/shop\/wp-json\/wp\/v2\/product_tag?post=17075"}],"curies":[{"name":"wp","href":"https:\/\/api.w.org\/{rel}","templated":true}]}}