{"id":17117,"date":"2024-10-06T18:21:41","date_gmt":"2024-10-06T16:21:41","guid":{"rendered":"https:\/\/9play.de\/shop\/produkt\/traktor-mit-einem-auflieger-mit-baumstaemmen-und-rueckzug-funktion\/"},"modified":"2024-10-06T18:21:57","modified_gmt":"2024-10-06T16:21:57","slug":"traktor-mit-einem-auflieger-mit-baumstaemmen-und-rueckzug-funktion","status":"publish","type":"product","link":"https:\/\/9play.de\/shop\/produkt\/traktor-mit-einem-auflieger-mit-baumstaemmen-und-rueckzug-funktion\/","title":{"rendered":"Traktor mit einem Auflieger mit Baumst\u00e4mmen und R\u00fcckzug Funktion"},"content":{"rendered":"<p>Zimmermann ben\u00f6tigt Holz f\u00fcr den Bau einer Scheune.<br \/>Holzf\u00e4ller ist mit seinem Trecker und frischem Holz unterwegs.<br \/>Detailliertes Model eines Landfahrzeuges mit einem Anh\u00e4nger.&nbsp;<\/p>\n<p>Inhalt: 1x Trecker, 1x Auflieger, 3x Baumst\u00e4mme Motorhaube kann ge\u00f6ffnet werden, Freilaufr\u00e4der<br \/>Altersempfehlung: ab 3 Jahre<br \/>Material: Kunststoff<br \/>Gr\u00f6\u00dfe: ca. 46 x 13 cm<br \/>Verpackung: ca. ca. 14,5 x 50 x 18 cm<\/p>\n<p>Achtung: Nicht f\u00fcr Kinder unter 36 Monaten geeignet wegen verschluckbarer Kleinteile, Erstickungsgefahr.<\/p>\n","protected":false},"excerpt":{"rendered":"<p>Landfahrzeug mit einem Anh\u00e4nger mit Baumst\u00e4mmen und einem R\u00fcckzug Funktion f\u00fcr mehr Spa\u00df<\/p>\n","protected":false},"featured_media":17118,"comment_status":"closed","ping_status":"open","template":"","meta":[],"product_brand":[],"product_cat":[479],"product_tag":[],"class_list":{"0":"post-17117","1":"product","2":"type-product","3":"status-publish","4":"has-post-thumbnail","6":"product_cat-bagger-trecker","8":"first","9":"instock","10":"shipping-taxable","11":"purchasable","12":"product-type-simple"},"_links":{"self":[{"href":"https:\/\/9play.de\/shop\/wp-json\/wp\/v2\/product\/17117","targetHints":{"allow":["GET"]}}],"collection":[{"href":"https:\/\/9play.de\/shop\/wp-json\/wp\/v2\/product"}],"about":[{"href":"https:\/\/9play.de\/shop\/wp-json\/wp\/v2\/types\/product"}],"replies":[{"embeddable":true,"href":"https:\/\/9play.de\/shop\/wp-json\/wp\/v2\/comments?post=17117"}],"wp:featuredmedia":[{"embeddable":true,"href":"https:\/\/9play.de\/shop\/wp-json\/wp\/v2\/media\/17118"}],"wp:attachment":[{"href":"https:\/\/9play.de\/shop\/wp-json\/wp\/v2\/media?parent=17117"}],"wp:term":[{"taxonomy":"product_brand","embeddable":true,"href":"https:\/\/9play.de\/shop\/wp-json\/wp\/v2\/product_brand?post=17117"},{"taxonomy":"product_cat","embeddable":true,"href":"https:\/\/9play.de\/shop\/wp-json\/wp\/v2\/product_cat?post=17117"},{"taxonomy":"product_tag","embeddable":true,"href":"https:\/\/9play.de\/shop\/wp-json\/wp\/v2\/product_tag?post=17117"}],"curies":[{"name":"wp","href":"https:\/\/api.w.org\/{rel}","templated":true}]}}