{"id":17122,"date":"2024-10-06T18:21:41","date_gmt":"2024-10-06T16:21:41","guid":{"rendered":"https:\/\/9play.de\/shop\/produkt\/wohnmobil-mit-einem-schneemobil-auf-einem-anhaenger-und-einer-rueckzug-funktion\/"},"modified":"2024-10-06T18:22:00","modified_gmt":"2024-10-06T16:22:00","slug":"wohnmobil-mit-einem-schneemobil-auf-einem-anhaenger-und-einer-rueckzug-funktion","status":"publish","type":"product","link":"https:\/\/9play.de\/shop\/produkt\/wohnmobil-mit-einem-schneemobil-auf-einem-anhaenger-und-einer-rueckzug-funktion\/","title":{"rendered":"Wohnmobil mit einem Schneemobil auf einem Anh\u00e4nger und einer R\u00fcckzug Funktion"},"content":{"rendered":"<p>Das perfekte Trio f\u00fcr den Winterurlaub Detailliertes Modell eines Wohnmobils und eines Schneemobils auf einem Anh\u00e4nger Plus eine R\u00fcckzug Funktion f\u00fcr mehr Spa\u00df.&nbsp;<\/p>\n<p>Inhalt: 1x Wohnmobil, 1x Anh\u00e4nger, 1x Schneemobil R\u00fcckzug Funktion<br \/>Altersempfehlung: ab 3 Jahre<br \/>Material: Kunststoff<br \/>Gr\u00f6\u00dfe: ca. 22 x 5 cm<br \/>Verpackung: ca.&nbsp;6 x 24 x 7,5 cm<\/p>\n<p>Achtung: Nicht f\u00fcr Kinder unter 36 Monaten geeignet wegen verschluckbarer Kleinteile, Erstickungsgefahr.<\/p>\n","protected":false},"excerpt":{"rendered":"<p>Das perfekte Trio f\u00fcr den Winterurlaub<\/p>\n","protected":false},"featured_media":17123,"comment_status":"closed","ping_status":"open","template":"","meta":[],"product_brand":[],"product_cat":[502],"product_tag":[],"class_list":{"0":"post-17122","1":"product","2":"type-product","3":"status-publish","4":"has-post-thumbnail","6":"product_cat-fahr-flugzeuge","8":"first","9":"instock","10":"shipping-taxable","11":"purchasable","12":"product-type-simple"},"_links":{"self":[{"href":"https:\/\/9play.de\/shop\/wp-json\/wp\/v2\/product\/17122","targetHints":{"allow":["GET"]}}],"collection":[{"href":"https:\/\/9play.de\/shop\/wp-json\/wp\/v2\/product"}],"about":[{"href":"https:\/\/9play.de\/shop\/wp-json\/wp\/v2\/types\/product"}],"replies":[{"embeddable":true,"href":"https:\/\/9play.de\/shop\/wp-json\/wp\/v2\/comments?post=17122"}],"wp:featuredmedia":[{"embeddable":true,"href":"https:\/\/9play.de\/shop\/wp-json\/wp\/v2\/media\/17123"}],"wp:attachment":[{"href":"https:\/\/9play.de\/shop\/wp-json\/wp\/v2\/media?parent=17122"}],"wp:term":[{"taxonomy":"product_brand","embeddable":true,"href":"https:\/\/9play.de\/shop\/wp-json\/wp\/v2\/product_brand?post=17122"},{"taxonomy":"product_cat","embeddable":true,"href":"https:\/\/9play.de\/shop\/wp-json\/wp\/v2\/product_cat?post=17122"},{"taxonomy":"product_tag","embeddable":true,"href":"https:\/\/9play.de\/shop\/wp-json\/wp\/v2\/product_tag?post=17122"}],"curies":[{"name":"wp","href":"https:\/\/api.w.org\/{rel}","templated":true}]}}