{"id":17146,"date":"2024-10-06T18:21:41","date_gmt":"2024-10-06T16:21:41","guid":{"rendered":"https:\/\/9play.de\/shop\/produkt\/pistole-mit-schaumstoffkugeln-und-2-ziele\/"},"modified":"2024-10-06T18:22:15","modified_gmt":"2024-10-06T16:22:15","slug":"pistole-mit-schaumstoffkugeln-und-2-ziele","status":"publish","type":"product","link":"https:\/\/9play.de\/shop\/produkt\/pistole-mit-schaumstoffkugeln-und-2-ziele\/","title":{"rendered":"Pistole mit Schaumstoffkugeln und 2 Ziele"},"content":{"rendered":"<p>Blaster in der Bauform eines Revolvers, l\u00e4dt die Kugeln automatisch durch das drehen des Magazins nach.<br \/>2 mitgelieferte Zielscheibe&nbsp;lassen sich im Kinderzimmer aufstellen und das Wettschie\u00dfen kann starten.&nbsp;<br \/>Wenn du nach Kinderpistolen suchst, dann bist du bei uns genau richtig.<br \/>Du suchst eine Kinderpistole f\u00fcr einen Kinderkost\u00fcm? Dann erg\u00e4nze dein Polizeikost\u00fcm mit dieser Pistole !<\/p>\n<p>Inhalt: 1x Pistole, 2x Zielscheibe, 10x Schaumstoffkugeln<br \/>Altersempfehlung: ab 6 Jahre<br \/>Material: Kunststoff<br \/>Gr\u00f6\u00dfe: ca. 29 x 17 cm<br \/>Verpackung: ca. 7 x 34,5 x 23,5 cm<\/p>\n<p>Achtung: Nicht f\u00fcr Kinder unter 36 Monaten geeignet wegen verschluckbarer Kleinteile, Erstickungsgefahr.<\/p>\n","protected":false},"excerpt":{"rendered":"<p>Revolver \u00c4hnliches Blaster mit Schaumstoffkugeln mit zwei Zielen<\/p>\n","protected":false},"featured_media":17147,"comment_status":"closed","ping_status":"open","template":"","meta":[],"product_brand":[],"product_cat":[482],"product_tag":[],"class_list":{"0":"post-17146","1":"product","2":"type-product","3":"status-publish","4":"has-post-thumbnail","6":"product_cat-schiessspielzeug","8":"first","9":"instock","10":"shipping-taxable","11":"purchasable","12":"product-type-simple"},"_links":{"self":[{"href":"https:\/\/9play.de\/shop\/wp-json\/wp\/v2\/product\/17146","targetHints":{"allow":["GET"]}}],"collection":[{"href":"https:\/\/9play.de\/shop\/wp-json\/wp\/v2\/product"}],"about":[{"href":"https:\/\/9play.de\/shop\/wp-json\/wp\/v2\/types\/product"}],"replies":[{"embeddable":true,"href":"https:\/\/9play.de\/shop\/wp-json\/wp\/v2\/comments?post=17146"}],"wp:featuredmedia":[{"embeddable":true,"href":"https:\/\/9play.de\/shop\/wp-json\/wp\/v2\/media\/17147"}],"wp:attachment":[{"href":"https:\/\/9play.de\/shop\/wp-json\/wp\/v2\/media?parent=17146"}],"wp:term":[{"taxonomy":"product_brand","embeddable":true,"href":"https:\/\/9play.de\/shop\/wp-json\/wp\/v2\/product_brand?post=17146"},{"taxonomy":"product_cat","embeddable":true,"href":"https:\/\/9play.de\/shop\/wp-json\/wp\/v2\/product_cat?post=17146"},{"taxonomy":"product_tag","embeddable":true,"href":"https:\/\/9play.de\/shop\/wp-json\/wp\/v2\/product_tag?post=17146"}],"curies":[{"name":"wp","href":"https:\/\/api.w.org\/{rel}","templated":true}]}}