{"id":17160,"date":"2024-10-06T18:21:41","date_gmt":"2024-10-06T16:21:41","guid":{"rendered":"https:\/\/9play.de\/shop\/produkt\/dinopistole-mit-5-schaumstoffkugeln\/"},"modified":"2024-10-06T18:22:24","modified_gmt":"2024-10-06T16:22:24","slug":"dinopistole-mit-5-schaumstoffkugeln","status":"publish","type":"product","link":"https:\/\/9play.de\/shop\/produkt\/dinopistole-mit-5-schaumstoffkugeln\/","title":{"rendered":"Dinopistole mit 5 Schaumstoffkugeln"},"content":{"rendered":"<p>Blaster in der Bauform eines Dinosauriers mit beweglichen Pfoten.<br \/>T-Rex schie\u00dft die Pfeile aus seinem Maul.<br \/>Wenn du nach Kinderpistolen suchst, dann bist du bei uns genau richtig.<br \/>Du suchst eine Kinderpistole f\u00fcr einen Kinderkost\u00fcm? Dann erg\u00e4nze dein Dinokost\u00fcm mit dieser Pistole !<\/p>\n<p>Inhalt: 1x Pistole, 5x Schaumstoffkugeln<br \/>Altersempfehlung: ab 6 Jahre<br \/>Material: Kunststoff<br \/>Gr\u00f6\u00dfe: ca. 29 x 16 cm<br \/>Verpackung: ca. 7 x 30 x 22,5 cm<\/p>\n<p>Achtung: Nicht f\u00fcr Kinder unter 36 Monaten geeignet wegen verschluckbarer Kleinteile, Erstickungsgefahr.<\/p>\n","protected":false},"excerpt":{"rendered":"<p>Dino \u00c4hnliches Blaster mit Schaumstoffkugeln<\/p>\n","protected":false},"featured_media":17161,"comment_status":"closed","ping_status":"open","template":"","meta":[],"product_brand":[],"product_cat":[482],"product_tag":[],"class_list":{"0":"post-17160","1":"product","2":"type-product","3":"status-publish","4":"has-post-thumbnail","6":"product_cat-schiessspielzeug","8":"first","9":"instock","10":"shipping-taxable","11":"purchasable","12":"product-type-simple"},"_links":{"self":[{"href":"https:\/\/9play.de\/shop\/wp-json\/wp\/v2\/product\/17160","targetHints":{"allow":["GET"]}}],"collection":[{"href":"https:\/\/9play.de\/shop\/wp-json\/wp\/v2\/product"}],"about":[{"href":"https:\/\/9play.de\/shop\/wp-json\/wp\/v2\/types\/product"}],"replies":[{"embeddable":true,"href":"https:\/\/9play.de\/shop\/wp-json\/wp\/v2\/comments?post=17160"}],"wp:featuredmedia":[{"embeddable":true,"href":"https:\/\/9play.de\/shop\/wp-json\/wp\/v2\/media\/17161"}],"wp:attachment":[{"href":"https:\/\/9play.de\/shop\/wp-json\/wp\/v2\/media?parent=17160"}],"wp:term":[{"taxonomy":"product_brand","embeddable":true,"href":"https:\/\/9play.de\/shop\/wp-json\/wp\/v2\/product_brand?post=17160"},{"taxonomy":"product_cat","embeddable":true,"href":"https:\/\/9play.de\/shop\/wp-json\/wp\/v2\/product_cat?post=17160"},{"taxonomy":"product_tag","embeddable":true,"href":"https:\/\/9play.de\/shop\/wp-json\/wp\/v2\/product_tag?post=17160"}],"curies":[{"name":"wp","href":"https:\/\/api.w.org\/{rel}","templated":true}]}}