{"id":17165,"date":"2024-10-06T18:21:41","date_gmt":"2024-10-06T16:21:41","guid":{"rendered":"https:\/\/9play.de\/shop\/produkt\/pistole-mit-9-schaumstoffkugeln-mit-dinosaurier-motiv\/"},"modified":"2024-10-06T18:22:27","modified_gmt":"2024-10-06T16:22:27","slug":"pistole-mit-9-schaumstoffkugeln-mit-dinosaurier-motiv","status":"publish","type":"product","link":"https:\/\/9play.de\/shop\/produkt\/pistole-mit-9-schaumstoffkugeln-mit-dinosaurier-motiv\/","title":{"rendered":"Pistole mit 9 Schaumstoffkugeln mit Dinosaurier Motiv"},"content":{"rendered":"<p>Pistole mit Jurassic Revival Motiven.<br \/>F\u00fcr furchtlose Abenteurer und Dinosaurier J\u00e4ger.<br \/>Wenn du nach Kinderpistolen suchst, dann bist du bei uns genau richtig.<br \/>Du suchst eine Kinderpistole f\u00fcr einen Kinderkost\u00fcm? Dann erg\u00e4nze dein Polizeikost\u00fcm mit dieser Pistole !<\/p>\n<p>Inhalt: 1x Pistole, 9x Schaumstoffkugeln<br \/>Altersempfehlung: ab 6 Jahre<br \/>Material: Kunststoff<br \/>Gr\u00f6\u00dfe: ca. 18 x 15 cm<br \/>Verpackung: ca. 6 x 25,5 x 20,5 cm<\/p>\n<p>Achtung: Nicht f\u00fcr Kinder unter 36 Monaten geeignet wegen verschluckbarer Kleinteile, Erstickungsgefahr.<\/p>\n","protected":false},"excerpt":{"rendered":"<p>Blaster mit Dino Motiven, mit 9 Kugeln<\/p>\n","protected":false},"featured_media":17166,"comment_status":"closed","ping_status":"open","template":"","meta":[],"product_brand":[],"product_cat":[482],"product_tag":[],"class_list":{"0":"post-17165","1":"product","2":"type-product","3":"status-publish","4":"has-post-thumbnail","6":"product_cat-schiessspielzeug","8":"first","9":"instock","10":"shipping-taxable","11":"purchasable","12":"product-type-simple"},"_links":{"self":[{"href":"https:\/\/9play.de\/shop\/wp-json\/wp\/v2\/product\/17165","targetHints":{"allow":["GET"]}}],"collection":[{"href":"https:\/\/9play.de\/shop\/wp-json\/wp\/v2\/product"}],"about":[{"href":"https:\/\/9play.de\/shop\/wp-json\/wp\/v2\/types\/product"}],"replies":[{"embeddable":true,"href":"https:\/\/9play.de\/shop\/wp-json\/wp\/v2\/comments?post=17165"}],"wp:featuredmedia":[{"embeddable":true,"href":"https:\/\/9play.de\/shop\/wp-json\/wp\/v2\/media\/17166"}],"wp:attachment":[{"href":"https:\/\/9play.de\/shop\/wp-json\/wp\/v2\/media?parent=17165"}],"wp:term":[{"taxonomy":"product_brand","embeddable":true,"href":"https:\/\/9play.de\/shop\/wp-json\/wp\/v2\/product_brand?post=17165"},{"taxonomy":"product_cat","embeddable":true,"href":"https:\/\/9play.de\/shop\/wp-json\/wp\/v2\/product_cat?post=17165"},{"taxonomy":"product_tag","embeddable":true,"href":"https:\/\/9play.de\/shop\/wp-json\/wp\/v2\/product_tag?post=17165"}],"curies":[{"name":"wp","href":"https:\/\/api.w.org\/{rel}","templated":true}]}}