{"id":17174,"date":"2024-10-06T18:21:41","date_gmt":"2024-10-06T16:21:41","guid":{"rendered":"https:\/\/9play.de\/shop\/produkt\/zauberkasten-mit-150-tips-und-tricks-zum-zaubern\/"},"modified":"2024-10-06T18:22:32","modified_gmt":"2024-10-06T16:22:32","slug":"zauberkasten-mit-150-tips-und-tricks-zum-zaubern","status":"publish","type":"product","link":"https:\/\/9play.de\/shop\/produkt\/zauberkasten-mit-150-tips-und-tricks-zum-zaubern\/","title":{"rendered":"Zauberkasten mit 150 Tips und Tricks zum Zaubern"},"content":{"rendered":"<p>Mit 150 Tips und Tricks wirst du zum besten Zauberer aller Zeiten.<br \/>Mit den Zaubergegenst\u00e4nden aus diesem Set, darunter T\u00fccher, Ringe, B\u00e4lle, Becher, einem Kaninchen, Spielkarten und einem Zauberstab, kann man tagelang zaubern und verzaubern.&nbsp;<\/p>\n<p>Inhalt: 40+ diverse Materialien f\u00fcr 150 Tips und Tricks<br \/>Altersempfehlung: ab 7 Jahre<br \/>Material: Kunststoff, Papier, Pappe<br \/>Verpackung: ca. 26&nbsp;x 16&nbsp;x 6&nbsp;cm<\/p>\n<p>Achtung: Nicht f\u00fcr Kinder unter 36 Monaten geeignet wegen verschluckbarer Kleinteile, Erstickungsgefahr.<\/p>\n","protected":false},"excerpt":{"rendered":"<p>Mit 150 Tips und Tricks wirst du zum besten Zauberer aller Zeiten.<\/p>\n","protected":false},"featured_media":17175,"comment_status":"closed","ping_status":"open","template":"","meta":[],"product_brand":[],"product_cat":[529],"product_tag":[],"class_list":{"0":"post-17174","1":"product","2":"type-product","3":"status-publish","4":"has-post-thumbnail","6":"product_cat-zaubern-jonglieren","8":"first","9":"instock","10":"shipping-taxable","11":"purchasable","12":"product-type-simple"},"_links":{"self":[{"href":"https:\/\/9play.de\/shop\/wp-json\/wp\/v2\/product\/17174","targetHints":{"allow":["GET"]}}],"collection":[{"href":"https:\/\/9play.de\/shop\/wp-json\/wp\/v2\/product"}],"about":[{"href":"https:\/\/9play.de\/shop\/wp-json\/wp\/v2\/types\/product"}],"replies":[{"embeddable":true,"href":"https:\/\/9play.de\/shop\/wp-json\/wp\/v2\/comments?post=17174"}],"wp:featuredmedia":[{"embeddable":true,"href":"https:\/\/9play.de\/shop\/wp-json\/wp\/v2\/media\/17175"}],"wp:attachment":[{"href":"https:\/\/9play.de\/shop\/wp-json\/wp\/v2\/media?parent=17174"}],"wp:term":[{"taxonomy":"product_brand","embeddable":true,"href":"https:\/\/9play.de\/shop\/wp-json\/wp\/v2\/product_brand?post=17174"},{"taxonomy":"product_cat","embeddable":true,"href":"https:\/\/9play.de\/shop\/wp-json\/wp\/v2\/product_cat?post=17174"},{"taxonomy":"product_tag","embeddable":true,"href":"https:\/\/9play.de\/shop\/wp-json\/wp\/v2\/product_tag?post=17174"}],"curies":[{"name":"wp","href":"https:\/\/api.w.org\/{rel}","templated":true}]}}