{"id":17179,"date":"2024-10-06T18:21:41","date_gmt":"2024-10-06T16:21:41","guid":{"rendered":"https:\/\/9play.de\/shop\/produkt\/sprudelnde-badebombe-mit-einem-einhorn\/"},"modified":"2024-10-06T18:22:35","modified_gmt":"2024-10-06T16:22:35","slug":"sprudelnde-badebombe-mit-einem-einhorn","status":"publish","type":"product","link":"https:\/\/9play.de\/shop\/produkt\/sprudelnde-badebombe-mit-einem-einhorn\/","title":{"rendered":"Sprudelnde Badebombe mit einem Einhorn"},"content":{"rendered":"<p>Baue eine sprudelnde Wasserbombe mit einem Einhorn um noch mehr Spa\u00df beim Baden zuhaben.<br \/>Ideal f\u00fcr Kinder die Spa\u00df am basteln und experimentieren haben.<br \/>Das Set enth\u00e4lt alles was du f\u00fcr die Herstellung der Badebomben ben\u00f6tigst.&nbsp;<\/p>\n<p>Inhalt: Materialien f\u00fcr zwei Bomben und einer Schritt f\u00fcr Schritt Anleitung<br \/>Altersempfehlung: ab 8 Jahre<br \/>Material: Kunststoff, diverse Stoffe<br \/>Verpackung: ca. 30 x 26 x 5 cm<\/p>\n<p>Achtung: Nicht geeignet f\u00fcr Kinder unter 8 Jahren. Benutzung unter Aufsicht von Erwachsenen.<br \/>Achtung: Enth\u00e4lt Duftstoffe, die Allergien ausl\u00f6sen k\u00f6nnen.<br \/>Achtung: Nicht f\u00fcr Kinder unter 36 Monaten geeignet wegen verschluckbarer Kleinteile, Erstickungsgefahr.<\/p>\n","protected":false},"excerpt":{"rendered":"<p>Noch mehr Spa\u00df beim Baden  mit Eigenbau Badebomben<\/p>\n","protected":false},"featured_media":17180,"comment_status":"closed","ping_status":"open","template":"","meta":[],"product_brand":[],"product_cat":[473],"product_tag":[],"class_list":{"0":"post-17179","1":"product","2":"type-product","3":"status-publish","4":"has-post-thumbnail","6":"product_cat-experiment","8":"first","9":"instock","10":"shipping-taxable","11":"purchasable","12":"product-type-simple"},"_links":{"self":[{"href":"https:\/\/9play.de\/shop\/wp-json\/wp\/v2\/product\/17179","targetHints":{"allow":["GET"]}}],"collection":[{"href":"https:\/\/9play.de\/shop\/wp-json\/wp\/v2\/product"}],"about":[{"href":"https:\/\/9play.de\/shop\/wp-json\/wp\/v2\/types\/product"}],"replies":[{"embeddable":true,"href":"https:\/\/9play.de\/shop\/wp-json\/wp\/v2\/comments?post=17179"}],"wp:featuredmedia":[{"embeddable":true,"href":"https:\/\/9play.de\/shop\/wp-json\/wp\/v2\/media\/17180"}],"wp:attachment":[{"href":"https:\/\/9play.de\/shop\/wp-json\/wp\/v2\/media?parent=17179"}],"wp:term":[{"taxonomy":"product_brand","embeddable":true,"href":"https:\/\/9play.de\/shop\/wp-json\/wp\/v2\/product_brand?post=17179"},{"taxonomy":"product_cat","embeddable":true,"href":"https:\/\/9play.de\/shop\/wp-json\/wp\/v2\/product_cat?post=17179"},{"taxonomy":"product_tag","embeddable":true,"href":"https:\/\/9play.de\/shop\/wp-json\/wp\/v2\/product_tag?post=17179"}],"curies":[{"name":"wp","href":"https:\/\/api.w.org\/{rel}","templated":true}]}}