{"id":17189,"date":"2024-10-06T18:22:39","date_gmt":"2024-10-06T16:22:39","guid":{"rendered":"https:\/\/9play.de\/shop\/produkt\/wissenschaftset-eigene-kerzen-herstellen\/"},"modified":"2024-10-06T18:22:42","modified_gmt":"2024-10-06T16:22:42","slug":"wissenschaftset-eigene-kerzen-herstellen","status":"publish","type":"product","link":"https:\/\/9play.de\/shop\/produkt\/wissenschaftset-eigene-kerzen-herstellen\/","title":{"rendered":"Wissenschaftset Eigene Kerzen herstellen"},"content":{"rendered":"<p>In diesem Set findest du um seine eigenen Teelichter herzustellen.<br \/>Was kann einen romantischen Abend noch sch\u00f6ner machen?<br \/>Handgemachte Kerzen.&nbsp;<\/p>\n<p>Inhalt: 3x Formen mit verschiedenen Materialien<br \/>Altersempfehlung: ab 8 Jahre<br \/>Material: Kunststoff, diverse Stoffe<br \/>Verpackung: ca. 30 x 26 x 5 cm<\/p>\n<p>Achtung: Nicht geeignet f\u00fcr Kinder unter 8 Jahren. Benutzung unter Aufsicht von Erwachsenen.<br \/>Achtung: Enth\u00e4lt Duftstoffe, die Allergien ausl\u00f6sen k\u00f6nnen.<br \/>Achtung: Nicht f\u00fcr Kinder unter 36 Monaten geeignet wegen verschluckbarer Kleinteile, Erstickungsgefahr.<\/p>\n","protected":false},"excerpt":{"rendered":"<p>Eigene Teelichter in verschiedenen Vormen<\/p>\n","protected":false},"featured_media":17190,"comment_status":"closed","ping_status":"open","template":"","meta":[],"product_brand":[],"product_cat":[451],"product_tag":[],"class_list":{"0":"post-17189","1":"product","2":"type-product","3":"status-publish","4":"has-post-thumbnail","6":"product_cat-spielzeug","8":"first","9":"instock","10":"shipping-taxable","11":"purchasable","12":"product-type-simple"},"_links":{"self":[{"href":"https:\/\/9play.de\/shop\/wp-json\/wp\/v2\/product\/17189","targetHints":{"allow":["GET"]}}],"collection":[{"href":"https:\/\/9play.de\/shop\/wp-json\/wp\/v2\/product"}],"about":[{"href":"https:\/\/9play.de\/shop\/wp-json\/wp\/v2\/types\/product"}],"replies":[{"embeddable":true,"href":"https:\/\/9play.de\/shop\/wp-json\/wp\/v2\/comments?post=17189"}],"wp:featuredmedia":[{"embeddable":true,"href":"https:\/\/9play.de\/shop\/wp-json\/wp\/v2\/media\/17190"}],"wp:attachment":[{"href":"https:\/\/9play.de\/shop\/wp-json\/wp\/v2\/media?parent=17189"}],"wp:term":[{"taxonomy":"product_brand","embeddable":true,"href":"https:\/\/9play.de\/shop\/wp-json\/wp\/v2\/product_brand?post=17189"},{"taxonomy":"product_cat","embeddable":true,"href":"https:\/\/9play.de\/shop\/wp-json\/wp\/v2\/product_cat?post=17189"},{"taxonomy":"product_tag","embeddable":true,"href":"https:\/\/9play.de\/shop\/wp-json\/wp\/v2\/product_tag?post=17189"}],"curies":[{"name":"wp","href":"https:\/\/api.w.org\/{rel}","templated":true}]}}