{"id":17199,"date":"2024-10-06T18:22:39","date_gmt":"2024-10-06T16:22:39","guid":{"rendered":"https:\/\/9play.de\/shop\/produkt\/elektrische-kleine-suesse-maus\/"},"modified":"2024-10-06T18:22:48","modified_gmt":"2024-10-06T16:22:48","slug":"elektrische-kleine-suesse-maus","status":"publish","type":"product","link":"https:\/\/9play.de\/shop\/produkt\/elektrische-kleine-suesse-maus\/","title":{"rendered":"Elektrische, kleine, s\u00fc\u00dfe Maus"},"content":{"rendered":"<p>Eine kleine, s\u00fc\u00dfe Maus die in keinem Kinderzimmer fehlen darf.<br \/>Sie bewegt sich nach vorne bis sie einen Gegenstand trifft, danach wechselt sie die Richtung.&nbsp;<\/p>\n<p>Inhalt: 1x Maus, 1x Eichel<br \/>Altersempfehlung: ab 5 Jahre<br \/>Material: Kunststoff<br \/>Stromversorgung: 1 x 1,5 Volt LR44 im Lieferumfang enthalten<br \/>Gr\u00f6\u00dfe: Maus ca. 5 x 3,5 x 3,5 cm; Eichel ca. \u00d82 x 3 cm<br \/>Verpackung: ca. 9 x 9 x 7 cm<\/p>\n<p>Achtung: Nicht f\u00fcr Kinder unter 36 Monaten geeignet wegen verschluckbarer Kleinteile, Erstickungsgefahr.<\/p>\n","protected":false},"excerpt":{"rendered":"<p>S\u00fc\u00dfer kleiner Freund der f\u00fcr jeden Unfug bereit ist<\/p>\n","protected":false},"featured_media":17200,"comment_status":"closed","ping_status":"open","template":"","meta":[],"product_brand":[],"product_cat":[488],"product_tag":[],"class_list":{"0":"post-17199","1":"product","2":"type-product","3":"status-publish","4":"has-post-thumbnail","6":"product_cat-geschicklichkeitsspiele","8":"first","9":"instock","10":"shipping-taxable","11":"purchasable","12":"product-type-simple"},"_links":{"self":[{"href":"https:\/\/9play.de\/shop\/wp-json\/wp\/v2\/product\/17199","targetHints":{"allow":["GET"]}}],"collection":[{"href":"https:\/\/9play.de\/shop\/wp-json\/wp\/v2\/product"}],"about":[{"href":"https:\/\/9play.de\/shop\/wp-json\/wp\/v2\/types\/product"}],"replies":[{"embeddable":true,"href":"https:\/\/9play.de\/shop\/wp-json\/wp\/v2\/comments?post=17199"}],"wp:featuredmedia":[{"embeddable":true,"href":"https:\/\/9play.de\/shop\/wp-json\/wp\/v2\/media\/17200"}],"wp:attachment":[{"href":"https:\/\/9play.de\/shop\/wp-json\/wp\/v2\/media?parent=17199"}],"wp:term":[{"taxonomy":"product_brand","embeddable":true,"href":"https:\/\/9play.de\/shop\/wp-json\/wp\/v2\/product_brand?post=17199"},{"taxonomy":"product_cat","embeddable":true,"href":"https:\/\/9play.de\/shop\/wp-json\/wp\/v2\/product_cat?post=17199"},{"taxonomy":"product_tag","embeddable":true,"href":"https:\/\/9play.de\/shop\/wp-json\/wp\/v2\/product_tag?post=17199"}],"curies":[{"name":"wp","href":"https:\/\/api.w.org\/{rel}","templated":true}]}}