{"id":17214,"date":"2024-10-06T18:22:39","date_gmt":"2024-10-06T16:22:39","guid":{"rendered":"https:\/\/9play.de\/shop\/produkt\/make-up-set-im-kosmetikkoffer-als-krone\/"},"modified":"2024-10-06T18:22:57","modified_gmt":"2024-10-06T16:22:57","slug":"make-up-set-im-kosmetikkoffer-als-krone","status":"publish","type":"product","link":"https:\/\/9play.de\/shop\/produkt\/make-up-set-im-kosmetikkoffer-als-krone\/","title":{"rendered":"Make-up Set im Kosmetikkoffer als Krone"},"content":{"rendered":"<p>Schmink Set Korn Deluxe l\u00e4dt keine W\u00fcnsche \u00fcbrig.<br \/>Hier findet jede junge Dame alles was sie braucht.<br \/>Die Gilmore Party kan starten.<br \/>Schminke f\u00fcr Kinder ist die perfekte erg\u00e4nzung im Alltag.<br \/>Das Kinderschminken f\u00fcr Fasching wird zum Kinderspiel.<\/p>\n<p>Hinweis: Bitte stellen Sie sicher, dass das Make-up unter Aufsicht eines Erwachsenen verwendet wird und es vor dem Zubettgehen gr\u00fcndlich entfernt wird.<\/p>\n<p>Inhalt: Make-up-Pinsel, Lidschattenfarben, Lipgloss-Farben, Nagellack, Lippenstift<br \/>Altersempfehlung: ab 5 Jahre<br \/>Material: Kunststoff<br \/>Gr\u00f6\u00dfe: ca. 31 cm<br \/>Verpackung: ca. 37 x 23 x 4 cm<\/p>\n<p>Hinweis: Bitte stellen Sie sicher, dass das Make-up unter Aufsicht eines Erwachsenen verwendet wird und es vor dem Zubettgehen gr\u00fcndlich entfernt wird.<\/p>\n<p>Achtung: Nicht f\u00fcr Kinder unter 36 Monaten geeignet wegen verschluckbarer Kleinteile, Erstickungsgefahr.<\/p>\n","protected":false},"excerpt":{"rendered":"<p>Perfektes  Glimmer Girl Krone Kosmetikkoffer<\/p>\n","protected":false},"featured_media":17215,"comment_status":"closed","ping_status":"open","template":"","meta":[],"product_brand":[],"product_cat":[506],"product_tag":[],"class_list":{"0":"post-17214","1":"product","2":"type-product","3":"status-publish","4":"has-post-thumbnail","6":"product_cat-beauty-set","8":"first","9":"instock","10":"shipping-taxable","11":"purchasable","12":"product-type-simple"},"_links":{"self":[{"href":"https:\/\/9play.de\/shop\/wp-json\/wp\/v2\/product\/17214","targetHints":{"allow":["GET"]}}],"collection":[{"href":"https:\/\/9play.de\/shop\/wp-json\/wp\/v2\/product"}],"about":[{"href":"https:\/\/9play.de\/shop\/wp-json\/wp\/v2\/types\/product"}],"replies":[{"embeddable":true,"href":"https:\/\/9play.de\/shop\/wp-json\/wp\/v2\/comments?post=17214"}],"wp:featuredmedia":[{"embeddable":true,"href":"https:\/\/9play.de\/shop\/wp-json\/wp\/v2\/media\/17215"}],"wp:attachment":[{"href":"https:\/\/9play.de\/shop\/wp-json\/wp\/v2\/media?parent=17214"}],"wp:term":[{"taxonomy":"product_brand","embeddable":true,"href":"https:\/\/9play.de\/shop\/wp-json\/wp\/v2\/product_brand?post=17214"},{"taxonomy":"product_cat","embeddable":true,"href":"https:\/\/9play.de\/shop\/wp-json\/wp\/v2\/product_cat?post=17214"},{"taxonomy":"product_tag","embeddable":true,"href":"https:\/\/9play.de\/shop\/wp-json\/wp\/v2\/product_tag?post=17214"}],"curies":[{"name":"wp","href":"https:\/\/api.w.org\/{rel}","templated":true}]}}