{"id":17242,"date":"2024-10-06T18:22:39","date_gmt":"2024-10-06T16:22:39","guid":{"rendered":"https:\/\/9play.de\/shop\/produkt\/seifenblasenmacher-bubble-maker-badespielzeug-fuer-kinder\/"},"modified":"2024-10-06T18:23:15","modified_gmt":"2024-10-06T16:23:15","slug":"seifenblasenmacher-bubble-maker-badespielzeug-fuer-kinder","status":"publish","type":"product","link":"https:\/\/9play.de\/shop\/produkt\/seifenblasenmacher-bubble-maker-badespielzeug-fuer-kinder\/","title":{"rendered":"Seifenblasenmacher Bubble-Maker Badespielzeug f\u00fcr Kinder"},"content":{"rendered":"<p>Super Spa\u00df beim Baden oder Drau\u00dfen.<br \/>Einfach rein pusten und es kommt Schaum aus dem Maul.<br \/>Niedliche Dinos und Nilpferde als Seifenblasen Macher<br \/>&nbsp;<\/p>\n<p>Inhalt: 1x Schaummacher<br \/>Altersempfehlung: ab 3&nbsp;Jahre<br \/>Material: Kunststoff<br \/>Gr\u00f6\u00dfe: ca. 12 x 8 cm<br \/>Verpackung: ca. 17 x 13 x 12 cm<\/p>\n<p>Info: Artikel ist sortiert, die Auswahl erfolgt per Zufall. Oder Wunschfarbe bei der Bestellung im Kommentar erw\u00e4hnen.<\/p>\n<p>Achtung: Nicht f\u00fcr Kinder unter 36 Monaten geeignet wegen verschluckbarer Kleinteile, Erstickungsgefahr.<\/p>\n","protected":false},"excerpt":{"rendered":"<p>Super Spa\u00df beim Baden oder Drau\u00dfen.<\/p>\n","protected":false},"featured_media":17243,"comment_status":"closed","ping_status":"open","template":"","meta":[],"product_brand":[],"product_cat":[523],"product_tag":[],"class_list":{"0":"post-17242","1":"product","2":"type-product","3":"status-publish","4":"has-post-thumbnail","6":"product_cat-outdoor-spielzeug","8":"first","9":"instock","10":"shipping-taxable","11":"purchasable","12":"product-type-simple"},"_links":{"self":[{"href":"https:\/\/9play.de\/shop\/wp-json\/wp\/v2\/product\/17242","targetHints":{"allow":["GET"]}}],"collection":[{"href":"https:\/\/9play.de\/shop\/wp-json\/wp\/v2\/product"}],"about":[{"href":"https:\/\/9play.de\/shop\/wp-json\/wp\/v2\/types\/product"}],"replies":[{"embeddable":true,"href":"https:\/\/9play.de\/shop\/wp-json\/wp\/v2\/comments?post=17242"}],"wp:featuredmedia":[{"embeddable":true,"href":"https:\/\/9play.de\/shop\/wp-json\/wp\/v2\/media\/17243"}],"wp:attachment":[{"href":"https:\/\/9play.de\/shop\/wp-json\/wp\/v2\/media?parent=17242"}],"wp:term":[{"taxonomy":"product_brand","embeddable":true,"href":"https:\/\/9play.de\/shop\/wp-json\/wp\/v2\/product_brand?post=17242"},{"taxonomy":"product_cat","embeddable":true,"href":"https:\/\/9play.de\/shop\/wp-json\/wp\/v2\/product_cat?post=17242"},{"taxonomy":"product_tag","embeddable":true,"href":"https:\/\/9play.de\/shop\/wp-json\/wp\/v2\/product_tag?post=17242"}],"curies":[{"name":"wp","href":"https:\/\/api.w.org\/{rel}","templated":true}]}}