{"id":17247,"date":"2024-10-06T18:22:39","date_gmt":"2024-10-06T16:22:39","guid":{"rendered":"https:\/\/9play.de\/shop\/produkt\/plueschrucksack-dinosaurier-t-rex\/"},"modified":"2024-10-06T18:23:18","modified_gmt":"2024-10-06T16:23:18","slug":"plueschrucksack-dinosaurier-t-rex","status":"publish","type":"product","link":"https:\/\/9play.de\/shop\/produkt\/plueschrucksack-dinosaurier-t-rex\/","title":{"rendered":"Pl\u00fcschrucksack  Dinosaurier T-rex"},"content":{"rendered":"<p>Ist das ein Pl\u00fcschtier oder eine Tasche, ein Rucksack, wer wei\u00dft es schon.<br \/>Eins ist sicher er ist der coolste seiner art.&nbsp;<\/p>\n<p>Inhalt: 1x Rucksack<br \/>Altersempfehlung: ab 3 Jahre<br \/>Material: Pl\u00fcsch<br \/>Gr\u00f6\u00dfe: ca. 57 x 20 cm<\/p>\n<p>Achtung: Nicht f\u00fcr Kinder unter 36 Monaten geeignet wegen verschluckbarer Kleinteile, Erstickungsgefahr.<\/p>\n","protected":false},"excerpt":{"rendered":"<p>T-Rex Dini als Tasche, es gibt nichts cooles<\/p>\n","protected":false},"featured_media":17248,"comment_status":"closed","ping_status":"open","template":"","meta":[],"product_brand":[],"product_cat":[465],"product_tag":[],"class_list":{"0":"post-17247","1":"product","2":"type-product","3":"status-publish","4":"has-post-thumbnail","6":"product_cat-rucksaecke-taschen","8":"first","9":"instock","10":"shipping-taxable","11":"purchasable","12":"product-type-simple"},"_links":{"self":[{"href":"https:\/\/9play.de\/shop\/wp-json\/wp\/v2\/product\/17247","targetHints":{"allow":["GET"]}}],"collection":[{"href":"https:\/\/9play.de\/shop\/wp-json\/wp\/v2\/product"}],"about":[{"href":"https:\/\/9play.de\/shop\/wp-json\/wp\/v2\/types\/product"}],"replies":[{"embeddable":true,"href":"https:\/\/9play.de\/shop\/wp-json\/wp\/v2\/comments?post=17247"}],"wp:featuredmedia":[{"embeddable":true,"href":"https:\/\/9play.de\/shop\/wp-json\/wp\/v2\/media\/17248"}],"wp:attachment":[{"href":"https:\/\/9play.de\/shop\/wp-json\/wp\/v2\/media?parent=17247"}],"wp:term":[{"taxonomy":"product_brand","embeddable":true,"href":"https:\/\/9play.de\/shop\/wp-json\/wp\/v2\/product_brand?post=17247"},{"taxonomy":"product_cat","embeddable":true,"href":"https:\/\/9play.de\/shop\/wp-json\/wp\/v2\/product_cat?post=17247"},{"taxonomy":"product_tag","embeddable":true,"href":"https:\/\/9play.de\/shop\/wp-json\/wp\/v2\/product_tag?post=17247"}],"curies":[{"name":"wp","href":"https:\/\/api.w.org\/{rel}","templated":true}]}}