{"id":17252,"date":"2024-10-06T18:22:39","date_gmt":"2024-10-06T16:22:39","guid":{"rendered":"https:\/\/9play.de\/shop\/produkt\/plueschtasche-mit-einem-hund-katze-hase-plueschtier\/"},"modified":"2024-10-06T18:23:21","modified_gmt":"2024-10-06T16:23:21","slug":"plueschtasche-mit-einem-hund-katze-hase-plueschtier","status":"publish","type":"product","link":"https:\/\/9play.de\/shop\/produkt\/plueschtasche-mit-einem-hund-katze-hase-plueschtier\/","title":{"rendered":"Pl\u00fcschtasche mit einem Hund, Katze, Hase Pl\u00fcschtier"},"content":{"rendered":"<p>Ein Pl\u00fcschtier in eine Pl\u00fcschtasche.<br \/>S\u00fc\u00dfes H\u00e4schen oder ein niedliches K\u00e4tzchen oder ein liebes H\u00fcdchen, wer kann sich da entscheiden, am liebsten alle. 2 in 1 Tasche + Spielzeug&nbsp;<\/p>\n<p>Inhalt: 1x Tasche mit einem Pl\u00fcschspielzeug<br \/>Altersempfehlung: ab 3 Jahre<br \/>Material: Pl\u00fcsch<br \/>Gr\u00f6\u00dfe: ca. 22 x 15 cm<\/p>\n<p>Info: Artikel ist sortiert, die Auswahl erfolgt per Zufall. Oder Wunschfarbe bei der Bestellung im Kommentar erw\u00e4hnen.<\/p>\n<p>Achtung: Nicht f\u00fcr Kinder unter 36 Monaten geeignet wegen verschluckbarer Kleinteile, Erstickungsgefahr. Info: Artikel ist sortiert, die Auswahl erfolgt per Zufall. Oder Wunschfarbe bei der Bestellung im Kommentar erw\u00e4hnen.<\/p>\n","protected":false},"excerpt":{"rendered":"<p>S\u00fc\u00dfe Pl\u00fcschtaschen mit einem niedlichen Pl\u00fcschtier<\/p>\n","protected":false},"featured_media":17253,"comment_status":"closed","ping_status":"open","template":"","meta":[],"product_brand":[],"product_cat":[465],"product_tag":[],"class_list":{"0":"post-17252","1":"product","2":"type-product","3":"status-publish","4":"has-post-thumbnail","6":"product_cat-rucksaecke-taschen","8":"first","9":"instock","10":"shipping-taxable","11":"purchasable","12":"product-type-simple"},"_links":{"self":[{"href":"https:\/\/9play.de\/shop\/wp-json\/wp\/v2\/product\/17252","targetHints":{"allow":["GET"]}}],"collection":[{"href":"https:\/\/9play.de\/shop\/wp-json\/wp\/v2\/product"}],"about":[{"href":"https:\/\/9play.de\/shop\/wp-json\/wp\/v2\/types\/product"}],"replies":[{"embeddable":true,"href":"https:\/\/9play.de\/shop\/wp-json\/wp\/v2\/comments?post=17252"}],"wp:featuredmedia":[{"embeddable":true,"href":"https:\/\/9play.de\/shop\/wp-json\/wp\/v2\/media\/17253"}],"wp:attachment":[{"href":"https:\/\/9play.de\/shop\/wp-json\/wp\/v2\/media?parent=17252"}],"wp:term":[{"taxonomy":"product_brand","embeddable":true,"href":"https:\/\/9play.de\/shop\/wp-json\/wp\/v2\/product_brand?post=17252"},{"taxonomy":"product_cat","embeddable":true,"href":"https:\/\/9play.de\/shop\/wp-json\/wp\/v2\/product_cat?post=17252"},{"taxonomy":"product_tag","embeddable":true,"href":"https:\/\/9play.de\/shop\/wp-json\/wp\/v2\/product_tag?post=17252"}],"curies":[{"name":"wp","href":"https:\/\/api.w.org\/{rel}","templated":true}]}}