{"id":17257,"date":"2024-10-06T18:22:39","date_gmt":"2024-10-06T16:22:39","guid":{"rendered":"https:\/\/9play.de\/shop\/produkt\/plueschhund-chihuahua-in-einer-plueschhandtasche\/"},"modified":"2024-10-06T18:23:24","modified_gmt":"2024-10-06T16:23:24","slug":"plueschhund-chihuahua-in-einer-plueschhandtasche","status":"publish","type":"product","link":"https:\/\/9play.de\/shop\/produkt\/plueschhund-chihuahua-in-einer-plueschhandtasche\/","title":{"rendered":"Pl\u00fcschhund Chihuahua in einer Pl\u00fcschhandtasche"},"content":{"rendered":"<p>Ein Pl\u00fcschtier in eine Pl\u00fcschtasche.<br \/>Schicke Pl\u00fcsch Handtasche mit einem s\u00fc\u00dfen Chihuahua Welpen 2 in 1 Tasche + Spielzeug<\/p>\n<p>Inhalt: 1x Tasche mit einem Pl\u00fcschspielzeug<br \/>Altersempfehlung: ab 3 Jahre<br \/>Material: Pl\u00fcsch<br \/>Gr\u00f6\u00dfe: ca. 22 x 13 cm<\/p>\n<p>Info: Artikel ist sortiert, die Auswahl erfolgt per Zufall. Oder Wunschfarbe bei der Bestellung im Kommentar erw\u00e4hnen.<\/p>\n<p>Achtung: Nicht f\u00fcr Kinder unter 36 Monaten geeignet wegen verschluckbarer Kleinteile, Erstickungsgefahr. Info: Artikel ist sortiert, die Auswahl erfolgt per Zufall. Oder Wunschfarbe bei der Bestellung im Kommentar erw\u00e4hnen.<\/p>\n","protected":false},"excerpt":{"rendered":"<p>Chihuahua Welpe in einer Pl\u00fcschtasche<\/p>\n","protected":false},"featured_media":17258,"comment_status":"closed","ping_status":"open","template":"","meta":[],"product_brand":[],"product_cat":[465],"product_tag":[],"class_list":{"0":"post-17257","1":"product","2":"type-product","3":"status-publish","4":"has-post-thumbnail","6":"product_cat-rucksaecke-taschen","8":"first","9":"instock","10":"shipping-taxable","11":"purchasable","12":"product-type-simple"},"_links":{"self":[{"href":"https:\/\/9play.de\/shop\/wp-json\/wp\/v2\/product\/17257","targetHints":{"allow":["GET"]}}],"collection":[{"href":"https:\/\/9play.de\/shop\/wp-json\/wp\/v2\/product"}],"about":[{"href":"https:\/\/9play.de\/shop\/wp-json\/wp\/v2\/types\/product"}],"replies":[{"embeddable":true,"href":"https:\/\/9play.de\/shop\/wp-json\/wp\/v2\/comments?post=17257"}],"wp:featuredmedia":[{"embeddable":true,"href":"https:\/\/9play.de\/shop\/wp-json\/wp\/v2\/media\/17258"}],"wp:attachment":[{"href":"https:\/\/9play.de\/shop\/wp-json\/wp\/v2\/media?parent=17257"}],"wp:term":[{"taxonomy":"product_brand","embeddable":true,"href":"https:\/\/9play.de\/shop\/wp-json\/wp\/v2\/product_brand?post=17257"},{"taxonomy":"product_cat","embeddable":true,"href":"https:\/\/9play.de\/shop\/wp-json\/wp\/v2\/product_cat?post=17257"},{"taxonomy":"product_tag","embeddable":true,"href":"https:\/\/9play.de\/shop\/wp-json\/wp\/v2\/product_tag?post=17257"}],"curies":[{"name":"wp","href":"https:\/\/api.w.org\/{rel}","templated":true}]}}