{"id":17272,"date":"2024-10-06T18:22:39","date_gmt":"2024-10-06T16:22:39","guid":{"rendered":"https:\/\/9play.de\/shop\/produkt\/bio-plastik-betonmischer-aus-weizenfasern\/"},"modified":"2024-10-06T18:23:34","modified_gmt":"2024-10-06T16:23:34","slug":"bio-plastik-betonmischer-aus-weizenfasern","status":"publish","type":"product","link":"https:\/\/9play.de\/shop\/produkt\/bio-plastik-betonmischer-aus-weizenfasern\/","title":{"rendered":"Bio-Plastik Betonmischer aus Weizenfasern"},"content":{"rendered":"<p>Bio-Plastik Betonmischer aus Weizenfasern.<br \/>Herstellung aus nat\u00fcrlichem und reycelbarem Kunststoff.<br \/>Material biologisch abbaubar und f\u00fcr Kinder ungef\u00e4hrlich.<br \/>F\u00f6rdert die Geschicklichkeit und weckt die Sinne dank der leuchtenden Farben und des originellen Materials.<br \/>Gr\u00f6\u00dfe des Spielzeugs erm\u00f6glicht Kindern schon in jungen Jahren einen guten Halt unf Griff zu entwickeln.<br \/>Die Bewegung der R\u00e4der ist sanft f\u00fcr den problemlosen Spielspa\u00df. Entwickelt Neugier und Vorstellungskraft.<br \/>Produkt wird in einer recycelbaren Verpackung geliefert.<\/p>\n<p>Altersempfehlung: Ab 18 Monate<br \/>Material: Bioplastik<br \/>Produktgr\u00f6\u00dfe: ca. 10 x 6,5 x 7 cm<\/p>\n<p>Achtung! Nicht f\u00fcr Kinder unter 18 Monaten geeignet wegen verschluckbarer Kleinteile, Erstickungsgefahr.<\/p>\n","protected":false},"excerpt":{"rendered":"<p>Bio-Plastik Betonmischer aus Weizenfasern !<\/p>\n","protected":false},"featured_media":17273,"comment_status":"closed","ping_status":"open","template":"","meta":[],"product_brand":[],"product_cat":[472],"product_tag":[],"class_list":{"0":"post-17272","1":"product","2":"type-product","3":"status-publish","4":"has-post-thumbnail","6":"product_cat-sandspielzeug","8":"first","9":"instock","10":"shipping-taxable","11":"purchasable","12":"product-type-simple"},"_links":{"self":[{"href":"https:\/\/9play.de\/shop\/wp-json\/wp\/v2\/product\/17272","targetHints":{"allow":["GET"]}}],"collection":[{"href":"https:\/\/9play.de\/shop\/wp-json\/wp\/v2\/product"}],"about":[{"href":"https:\/\/9play.de\/shop\/wp-json\/wp\/v2\/types\/product"}],"replies":[{"embeddable":true,"href":"https:\/\/9play.de\/shop\/wp-json\/wp\/v2\/comments?post=17272"}],"wp:featuredmedia":[{"embeddable":true,"href":"https:\/\/9play.de\/shop\/wp-json\/wp\/v2\/media\/17273"}],"wp:attachment":[{"href":"https:\/\/9play.de\/shop\/wp-json\/wp\/v2\/media?parent=17272"}],"wp:term":[{"taxonomy":"product_brand","embeddable":true,"href":"https:\/\/9play.de\/shop\/wp-json\/wp\/v2\/product_brand?post=17272"},{"taxonomy":"product_cat","embeddable":true,"href":"https:\/\/9play.de\/shop\/wp-json\/wp\/v2\/product_cat?post=17272"},{"taxonomy":"product_tag","embeddable":true,"href":"https:\/\/9play.de\/shop\/wp-json\/wp\/v2\/product_tag?post=17272"}],"curies":[{"name":"wp","href":"https:\/\/api.w.org\/{rel}","templated":true}]}}