{"id":17328,"date":"2024-10-06T18:23:42","date_gmt":"2024-10-06T16:23:42","guid":{"rendered":"https:\/\/9play.de\/shop\/produkt\/spider-man-bilinguales-lerntablett-mit-alphabet\/"},"modified":"2024-10-06T18:24:13","modified_gmt":"2024-10-06T16:24:13","slug":"spider-man-bilinguales-lerntablett-mit-alphabet","status":"publish","type":"product","link":"https:\/\/9play.de\/shop\/produkt\/spider-man-bilinguales-lerntablett-mit-alphabet\/","title":{"rendered":"Spider-Man Bilinguales Lerntablett mit Alphabet"},"content":{"rendered":"<p>Zweisprachiges Tablet in Deutsch und Englisch von Spiderman.<br \/>Ber\u00fchrungsempfindliches Tablet mit Ton.<br \/>Einfach eine beliebige Schaltfl\u00e4che ber\u00fchren und das Tablet spricht den entsprechenden Buchstaben, die Zahl oder das Wort aus. Ideal f\u00fcr Kleinkinder!<br \/>\u201eWo ist&nbsp;&#8230;?\u201c-Quiz: Dieser Spielmodus f\u00f6rdert mit interaktiven Fragen und Antworten die Freude am Lernen.<br \/>Das Kind dr\u00fcckt auf die Quiz-Schaltfl\u00e4che, sucht nach dem passenden Bild und antwortet mit einem einfachen Klick.<br \/>Praktische Gr\u00f6\u00dfe und einfach mitzunehmen.<br \/>Buchstaben lernen, Buchstabierspiele, W\u00f6rter lernen. Interaktives Quiz.<br \/>Deine ersten Schritte in die Welt der Musik.<\/p>\n<p>Das Lern-Tablet ben\u00f6tigt zum Betrieb drei 1,5 V AAA\/LR03-Alkalibatterien (inbegriffen).<br \/>Altersempfehlung: Ab 3 Jahre<br \/>Material: Kunststoff<br \/>Gr\u00f6\u00dfe: ca. 35 x 23 x 3 cm<\/p>\n<p>Achtung! Nicht f\u00fcr Kinder unter 36 Monaten geeignet wegen verschluckbarer Kleinteile, Erstickungsgefahr.<\/p>\n<p>Hinweis zur Entsorgung von Altbatterien Der nachfolgende Hinweis richtet sich an diejenigen, die Batterien oder Produkte mit eingebauten Batterien nutzen und in der an sie gelieferten Form nicht mehr weiterver\u00e4u\u00dfern (Endnutzer): 1. Unentgeltliche R\u00fccknahme von Altbatterien Batterien d\u00fcrfen nicht \u00fcber den Hausm\u00fcll entsorgt werden. Sie sind zur R\u00fcckgabe von Altbatterien gesetzlich verpflichtet, damit eine fachgerechte Entsorgung gew\u00e4hrleistet werden kann. Sie k\u00f6nnen Altbatterien an einer kommunalen Sammelstelle oder im Handel vor Ort abgeben. Auch wir sind als Vertreiber von Batterien zur R\u00fccknahme von Altbatterien verpflichtet, wobei sich unsere R\u00fccknahmeverpflichtung auf Altbatterien der Art beschr\u00e4nkt, die wir als Neubatterien in unserem Sortiment f\u00fchren oder gef\u00fchrt haben. Altbatterien vorgenannter Art k\u00f6nnen Sie daher entweder ausreichend frankiert an uns zur\u00fccksenden oder sie direkt an unserem Versandlager unter der im Impressum genannten Adresse unentgeltlich abgeben. 2. Bedeutung der Batteriesymbole Batterien sind mit dem Symbol einer durchgekreuzten M\u00fclltonne gekennzeichnet. Dieses Symbol weist darauf hin, dass Batterien nicht in den Hausm\u00fcll gegeben werden d\u00fcrfen. Bei Batterien, die mehr als 0,0005 Masseprozent Quecksilber, mehr als 0,002 Masseprozent Cadmium oder mehr als 0,004 Masseprozent Blei enthalten, befindet sich unter dem M\u00fclltonnen-Symbol die chemische Bezeichnung des jeweils eingesetzten Schadstoffes \u2013 dabei steht &#8222;Cd&#8220; f\u00fcr Cadmium, &#8222;Pb&#8220; steht f\u00fcr Blei, und &#8222;Hg&#8220; f\u00fcr Quecksilber.<\/p>\n","protected":false},"excerpt":{"rendered":"<p>Spider-Man Bilinguales Lerntablett mit Alphabet und tollen Funktionen (Englisch\/Deutsch)<\/p>\n","protected":false},"featured_media":17329,"comment_status":"closed","ping_status":"open","template":"","meta":[],"product_brand":[],"product_cat":[451],"product_tag":[],"class_list":{"0":"post-17328","1":"product","2":"type-product","3":"status-publish","4":"has-post-thumbnail","6":"product_cat-spielzeug","8":"first","9":"instock","10":"shipping-taxable","11":"purchasable","12":"product-type-simple"},"_links":{"self":[{"href":"https:\/\/9play.de\/shop\/wp-json\/wp\/v2\/product\/17328","targetHints":{"allow":["GET"]}}],"collection":[{"href":"https:\/\/9play.de\/shop\/wp-json\/wp\/v2\/product"}],"about":[{"href":"https:\/\/9play.de\/shop\/wp-json\/wp\/v2\/types\/product"}],"replies":[{"embeddable":true,"href":"https:\/\/9play.de\/shop\/wp-json\/wp\/v2\/comments?post=17328"}],"wp:featuredmedia":[{"embeddable":true,"href":"https:\/\/9play.de\/shop\/wp-json\/wp\/v2\/media\/17329"}],"wp:attachment":[{"href":"https:\/\/9play.de\/shop\/wp-json\/wp\/v2\/media?parent=17328"}],"wp:term":[{"taxonomy":"product_brand","embeddable":true,"href":"https:\/\/9play.de\/shop\/wp-json\/wp\/v2\/product_brand?post=17328"},{"taxonomy":"product_cat","embeddable":true,"href":"https:\/\/9play.de\/shop\/wp-json\/wp\/v2\/product_cat?post=17328"},{"taxonomy":"product_tag","embeddable":true,"href":"https:\/\/9play.de\/shop\/wp-json\/wp\/v2\/product_tag?post=17328"}],"curies":[{"name":"wp","href":"https:\/\/api.w.org\/{rel}","templated":true}]}}