{"id":17337,"date":"2024-10-06T18:23:42","date_gmt":"2024-10-06T16:23:42","guid":{"rendered":"https:\/\/9play.de\/shop\/produkt\/elektronisches-galgenmaennchen-kinder-spiel\/"},"modified":"2024-10-06T18:24:20","modified_gmt":"2024-10-06T16:24:20","slug":"elektronisches-galgenmaennchen-kinder-spiel","status":"publish","type":"product","link":"https:\/\/9play.de\/shop\/produkt\/elektronisches-galgenmaennchen-kinder-spiel\/","title":{"rendered":"Elektronisches Galgenm\u00e4nnchen Kinder-Spiel"},"content":{"rendered":"<p>Das beliebte Spiel als elektronische Version f\u00fcr Stunden voller Spielspa\u00df unter Freunden.<br \/>Ein R\u00e4tzelspa\u00df f\u00fcr Kinder.<br \/>Die elektronische Version des ber\u00fchmten Spiels Galgenm\u00e4nnchen.<br \/>Das aufleuchtende Galgenm\u00e4nnchen zeigt die restlichen Chancen an.<br \/>2 Spielerseiten. Eine Meister-Ansicht und eine \u00abSpieler\u00bb-Ansicht.<br \/>Tausche dann die Rollen im Spiel&#8230; der Meister wird zum Spieler und umgekehrt.<br \/>Der Spieler hat 11 Chancen, um die richtigen Buchstaben zu finden und das vollst\u00e4ndige Wort zu bilden.<br \/>Das zu erratende Wort darf bis zu 8 Buchstaben enthalten.<br \/>Herausforderung bei 4 verschiedenen Schwierigkeitsgraden mit 3 m\u00f6glichen Zeitlimitierungen: 60 Sekunden (schwierig), 120 Sekunden (mittel) und 180 Sekunden (leicht). Der Spielstand wird auf beiden Seiten angezeigt, so dass der Stand der Mitspieler verfolgt werden kann.<\/p>\n<p>Stromversorgung \u00fcber 3x AAA\/LR Batterien.<br \/>Altersempfehlung: Ab 8 Jahre<br \/>Material: Kunststoff<br \/>Gr\u00f6\u00dfe: ca. 27 x 27 x 13 cm<\/p>\n<p>Achtung! Nicht f\u00fcr Kinder unter 36 Monaten geeignet wegen verschluckbarer Kleinteile, Erstickungsgefahr.<\/p>\n<p>Hinweis zur Entsorgung von Altbatterien Der nachfolgende Hinweis richtet sich an diejenigen, die Batterien oder Produkte mit eingebauten Batterien nutzen und in der an sie gelieferten Form nicht mehr weiterver\u00e4u\u00dfern (Endnutzer): 1. Unentgeltliche R\u00fccknahme von Altbatterien Batterien d\u00fcrfen nicht \u00fcber den Hausm\u00fcll entsorgt werden. Sie sind zur R\u00fcckgabe von Altbatterien gesetzlich verpflichtet, damit eine fachgerechte Entsorgung gew\u00e4hrleistet werden kann. Sie k\u00f6nnen Altbatterien an einer kommunalen Sammelstelle oder im Handel vor Ort abgeben. Auch wir sind als Vertreiber von Batterien zur R\u00fccknahme von Altbatterien verpflichtet, wobei sich unsere R\u00fccknahmeverpflichtung auf Altbatterien der Art beschr\u00e4nkt, die wir als Neubatterien in unserem Sortiment f\u00fchren oder gef\u00fchrt haben. Altbatterien vorgenannter Art k\u00f6nnen Sie daher entweder ausreichend frankiert an uns zur\u00fccksenden oder sie direkt an unserem Versandlager unter der im Impressum genannten Adresse unentgeltlich abgeben. 2. Bedeutung der Batteriesymbole Batterien sind mit dem Symbol einer durchgekreuzten M\u00fclltonne gekennzeichnet. Dieses Symbol weist darauf hin, dass Batterien nicht in den Hausm\u00fcll gegeben werden d\u00fcrfen. Bei Batterien, die mehr als 0,0005 Masseprozent Quecksilber, mehr als 0,002 Masseprozent Cadmium oder mehr als 0,004 Masseprozent Blei enthalten, befindet sich unter dem M\u00fclltonnen-Symbol die chemische Bezeichnung des jeweils eingesetzten Schadstoffes \u2013 dabei steht &#8222;Cd&#8220; f\u00fcr Cadmium, &#8222;Pb&#8220; steht f\u00fcr Blei, und &#8222;Hg&#8220; f\u00fcr Quecksilber.<\/p>\n","protected":false},"excerpt":{"rendered":"<p>Elektronisches Galgenm\u00e4nnchen<\/p>\n","protected":false},"featured_media":17338,"comment_status":"closed","ping_status":"open","template":"","meta":[],"product_brand":[],"product_cat":[451],"product_tag":[],"class_list":{"0":"post-17337","1":"product","2":"type-product","3":"status-publish","4":"has-post-thumbnail","6":"product_cat-spielzeug","8":"first","9":"instock","10":"shipping-taxable","11":"purchasable","12":"product-type-simple"},"_links":{"self":[{"href":"https:\/\/9play.de\/shop\/wp-json\/wp\/v2\/product\/17337","targetHints":{"allow":["GET"]}}],"collection":[{"href":"https:\/\/9play.de\/shop\/wp-json\/wp\/v2\/product"}],"about":[{"href":"https:\/\/9play.de\/shop\/wp-json\/wp\/v2\/types\/product"}],"replies":[{"embeddable":true,"href":"https:\/\/9play.de\/shop\/wp-json\/wp\/v2\/comments?post=17337"}],"wp:featuredmedia":[{"embeddable":true,"href":"https:\/\/9play.de\/shop\/wp-json\/wp\/v2\/media\/17338"}],"wp:attachment":[{"href":"https:\/\/9play.de\/shop\/wp-json\/wp\/v2\/media?parent=17337"}],"wp:term":[{"taxonomy":"product_brand","embeddable":true,"href":"https:\/\/9play.de\/shop\/wp-json\/wp\/v2\/product_brand?post=17337"},{"taxonomy":"product_cat","embeddable":true,"href":"https:\/\/9play.de\/shop\/wp-json\/wp\/v2\/product_cat?post=17337"},{"taxonomy":"product_tag","embeddable":true,"href":"https:\/\/9play.de\/shop\/wp-json\/wp\/v2\/product_tag?post=17337"}],"curies":[{"name":"wp","href":"https:\/\/api.w.org\/{rel}","templated":true}]}}