{"id":17385,"date":"2024-10-06T18:24:47","date_gmt":"2024-10-06T16:24:47","guid":{"rendered":"https:\/\/9play.de\/shop\/produkt\/spider-man-elektronisches-schlagzeug-mit-keyboard-und-sitz\/"},"modified":"2024-10-06T18:24:54","modified_gmt":"2024-10-06T16:24:54","slug":"spider-man-elektronisches-schlagzeug-mit-keyboard-und-sitz","status":"publish","type":"product","link":"https:\/\/9play.de\/shop\/produkt\/spider-man-elektronisches-schlagzeug-mit-keyboard-und-sitz\/","title":{"rendered":"Spider-Man Elektronisches Schlagzeug mit Keyboard und Sitz"},"content":{"rendered":"<p>Werde mit diesem 3-in-1-Schlagzeug im Spiderman Design zum Rock&#8217;n&#8217;Roll-Star.<br \/>Das Kind kann Klavier und Schlagzeug spielen und alle seine Lieblingslieder singen.<br \/>Ein vollst\u00e4ndiges Schlagzeug, um mit einer Kick-Drum, zwei Snares und einem Crash-Becken im Takt zu spielen.<br \/>Ein 8-Tasten-Keyboard mit 4 Arten von Musikinstrumenten, 4 Rhythmen und 8 Demo-Songs zum Spielen und Spa\u00df haben.<br \/>Zum Singen w\u00e4hrend des Spielens ist ein Mikrofon enthalten.<br \/>Sehr hochwertige Klangqualit\u00e4t, wie bei einem echten elektronischen Schlagzeug.<br \/>Aufnahmefunktion, um die vom Kind gespielten Melodien wieder anzuh\u00f6ren.<br \/>Kinder k\u00f6nnen ein MP3 -Abspielger\u00e4t anschlie\u00dfen, um Ihre Lieblingslieder abzuspielen und ihre Darbietung aufzuzeichnen.<br \/>16 einstellbare Lautst\u00e4rkestufen.<\/p>\n<p>Stromversorgung \u00fcber 3x LR6\/AA Batterien 1,5 V (nicht mitgeliefert).<br \/>Altersempfehlung: Ab 3 Jahre<br \/>Material: Kunststoff<br \/>Gr\u00f6\u00dfe: ca. 57 x 43 x 15 cm<\/p>\n<p>Achtung! Nicht f\u00fcr Kinder unter 36 Monaten geeignet wegen verschluckbarer Kleinteile, Erstickungsgefahr.<\/p>\n<p>Hinweis zur Entsorgung von Altbatterien Der nachfolgende Hinweis richtet sich an diejenigen, die Batterien oder Produkte mit eingebauten Batterien nutzen und in der an sie gelieferten Form nicht mehr weiterver\u00e4u\u00dfern (Endnutzer): 1. Unentgeltliche R\u00fccknahme von Altbatterien Batterien d\u00fcrfen nicht \u00fcber den Hausm\u00fcll entsorgt werden. Sie sind zur R\u00fcckgabe von Altbatterien gesetzlich verpflichtet, damit eine fachgerechte Entsorgung gew\u00e4hrleistet werden kann. Sie k\u00f6nnen Altbatterien an einer kommunalen Sammelstelle oder im Handel vor Ort abgeben. Auch wir sind als Vertreiber von Batterien zur R\u00fccknahme von Altbatterien verpflichtet, wobei sich unsere R\u00fccknahmeverpflichtung auf Altbatterien der Art beschr\u00e4nkt, die wir als Neubatterien in unserem Sortiment f\u00fchren oder gef\u00fchrt haben. Altbatterien vorgenannter Art k\u00f6nnen Sie daher entweder ausreichend frankiert an uns zur\u00fccksenden oder sie direkt an unserem Versandlager unter der im Impressum genannten Adresse unentgeltlich abgeben. 2. Bedeutung der Batteriesymbole Batterien sind mit dem Symbol einer durchgekreuzten M\u00fclltonne gekennzeichnet. Dieses Symbol weist darauf hin, dass Batterien nicht in den Hausm\u00fcll gegeben werden d\u00fcrfen. Bei Batterien, die mehr als 0,0005 Masseprozent Quecksilber, mehr als 0,002 Masseprozent Cadmium oder mehr als 0,004 Masseprozent Blei enthalten, befindet sich unter dem M\u00fclltonnen-Symbol die chemische Bezeichnung des jeweils eingesetzten Schadstoffes \u2013 dabei steht &#8222;Cd&#8220; f\u00fcr Cadmium, &#8222;Pb&#8220; steht f\u00fcr Blei, und &#8222;Hg&#8220; f\u00fcr Quecksilber.<\/p>\n","protected":false},"excerpt":{"rendered":"<p>Spider-Man Elektronisches Schlagzeug mit Keyboard und Sitz<\/p>\n","protected":false},"featured_media":17386,"comment_status":"closed","ping_status":"open","template":"","meta":[],"product_brand":[],"product_cat":[496],"product_tag":[],"class_list":{"0":"post-17385","1":"product","2":"type-product","3":"status-publish","4":"has-post-thumbnail","6":"product_cat-musik-klang","8":"first","9":"instock","10":"shipping-taxable","11":"purchasable","12":"product-type-simple"},"_links":{"self":[{"href":"https:\/\/9play.de\/shop\/wp-json\/wp\/v2\/product\/17385","targetHints":{"allow":["GET"]}}],"collection":[{"href":"https:\/\/9play.de\/shop\/wp-json\/wp\/v2\/product"}],"about":[{"href":"https:\/\/9play.de\/shop\/wp-json\/wp\/v2\/types\/product"}],"replies":[{"embeddable":true,"href":"https:\/\/9play.de\/shop\/wp-json\/wp\/v2\/comments?post=17385"}],"wp:featuredmedia":[{"embeddable":true,"href":"https:\/\/9play.de\/shop\/wp-json\/wp\/v2\/media\/17386"}],"wp:attachment":[{"href":"https:\/\/9play.de\/shop\/wp-json\/wp\/v2\/media?parent=17385"}],"wp:term":[{"taxonomy":"product_brand","embeddable":true,"href":"https:\/\/9play.de\/shop\/wp-json\/wp\/v2\/product_brand?post=17385"},{"taxonomy":"product_cat","embeddable":true,"href":"https:\/\/9play.de\/shop\/wp-json\/wp\/v2\/product_cat?post=17385"},{"taxonomy":"product_tag","embeddable":true,"href":"https:\/\/9play.de\/shop\/wp-json\/wp\/v2\/product_tag?post=17385"}],"curies":[{"name":"wp","href":"https:\/\/api.w.org\/{rel}","templated":true}]}}