{"id":17399,"date":"2024-10-06T18:24:47","date_gmt":"2024-10-06T16:24:47","guid":{"rendered":"https:\/\/9play.de\/shop\/produkt\/elektronisches-mini-klavier-mit-fuessen-und-mikrofon\/"},"modified":"2024-10-06T18:25:04","modified_gmt":"2024-10-06T16:25:04","slug":"elektronisches-mini-klavier-mit-fuessen-und-mikrofon","status":"publish","type":"product","link":"https:\/\/9play.de\/shop\/produkt\/elektronisches-mini-klavier-mit-fuessen-und-mikrofon\/","title":{"rendered":"Elektronisches Mini-Klavier mit F\u00fc\u00dfen und Mikrofon"},"content":{"rendered":"<p>Ein toller Fl\u00fcgel mit Standf\u00fc\u00dfen und 31 beleuchteten Tasten!<br \/>Das rote Licht auf den Tasten f\u00fchrt das Kind beim Spielen zur n\u00e4chsten Note und bringt ihm bei, wie man seine Finger auf die Tastatur legt.<br \/>Ein kompletter Fl\u00fcgel mit vielen Funktionen, darunter 22 Demo-Songs, 4 Instrumentent\u00f6ne, 4 Rhythmen und 8 Percussions.<br \/>Wundersch\u00f6ne Lichteffekte unter der Fl\u00fcgelabdeckung.<br \/>Lautst\u00e4rke- und Tempoanpassung. Zum Singen w\u00e4hrend des Spielens ist ein Mikrofon enthalten.<br \/>Kinder k\u00f6nnen ein MP3 -Abspielger\u00e4t anschlie\u00dfen, um ihre Lieblingslieder abzuspielen und ihre Darbietung aufzuzeichnen.<\/p>\n<p>Der aufgebaute Fl\u00fcgel hat eine Gr\u00f6\u00dfe von ca. 31 x 29 x 35 cm<br \/>Stromversorgung \u00fcber 4x LR6\/AA Batterien 1,5V (nicht mitgeliefert).<br \/>Altersempfehlung: Ab 3 Jahre<br \/>Material: Kunststoff<\/p>\n<p>Achtung! Nicht f\u00fcr Kinder unter 36 Monaten geeignet wegen verschluckbarer Kleinteile, Erstickungsgefahr.<\/p>\n<p>Hinweis zur Entsorgung von Altbatterien Der nachfolgende Hinweis richtet sich an diejenigen, die Batterien oder Produkte mit eingebauten Batterien nutzen und in der an sie gelieferten Form nicht mehr weiterver\u00e4u\u00dfern (Endnutzer): 1. Unentgeltliche R\u00fccknahme von Altbatterien Batterien d\u00fcrfen nicht \u00fcber den Hausm\u00fcll entsorgt werden. Sie sind zur R\u00fcckgabe von Altbatterien gesetzlich verpflichtet, damit eine fachgerechte Entsorgung gew\u00e4hrleistet werden kann. Sie k\u00f6nnen Altbatterien an einer kommunalen Sammelstelle oder im Handel vor Ort abgeben. Auch wir sind als Vertreiber von Batterien zur R\u00fccknahme von Altbatterien verpflichtet, wobei sich unsere R\u00fccknahmeverpflichtung auf Altbatterien der Art beschr\u00e4nkt, die wir als Neubatterien in unserem Sortiment f\u00fchren oder gef\u00fchrt haben. Altbatterien vorgenannter Art k\u00f6nnen Sie daher entweder ausreichend frankiert an uns zur\u00fccksenden oder sie direkt an unserem Versandlager unter der im Impressum genannten Adresse unentgeltlich abgeben. 2. Bedeutung der Batteriesymbole Batterien sind mit dem Symbol einer durchgekreuzten M\u00fclltonne gekennzeichnet. Dieses Symbol weist darauf hin, dass Batterien nicht in den Hausm\u00fcll gegeben werden d\u00fcrfen. Bei Batterien, die mehr als 0,0005 Masseprozent Quecksilber, mehr als 0,002 Masseprozent Cadmium oder mehr als 0,004 Masseprozent Blei enthalten, befindet sich unter dem M\u00fclltonnen-Symbol die chemische Bezeichnung des jeweils eingesetzten Schadstoffes \u2013 dabei steht &#8222;Cd&#8220; f\u00fcr Cadmium, &#8222;Pb&#8220; steht f\u00fcr Blei, und &#8222;Hg&#8220; f\u00fcr Quecksilber.<\/p>\n","protected":false},"excerpt":{"rendered":"<p>Elektronisches Mini-Klavier mit F\u00fc\u00dfen, Mikrofon, 31 leuchtenden Tasten zum Erlernen von Musik und Audio-In-Kabel<\/p>\n","protected":false},"featured_media":17400,"comment_status":"closed","ping_status":"open","template":"","meta":[],"product_brand":[],"product_cat":[496],"product_tag":[],"class_list":{"0":"post-17399","1":"product","2":"type-product","3":"status-publish","4":"has-post-thumbnail","6":"product_cat-musik-klang","8":"first","9":"instock","10":"shipping-taxable","11":"purchasable","12":"product-type-simple"},"_links":{"self":[{"href":"https:\/\/9play.de\/shop\/wp-json\/wp\/v2\/product\/17399","targetHints":{"allow":["GET"]}}],"collection":[{"href":"https:\/\/9play.de\/shop\/wp-json\/wp\/v2\/product"}],"about":[{"href":"https:\/\/9play.de\/shop\/wp-json\/wp\/v2\/types\/product"}],"replies":[{"embeddable":true,"href":"https:\/\/9play.de\/shop\/wp-json\/wp\/v2\/comments?post=17399"}],"wp:featuredmedia":[{"embeddable":true,"href":"https:\/\/9play.de\/shop\/wp-json\/wp\/v2\/media\/17400"}],"wp:attachment":[{"href":"https:\/\/9play.de\/shop\/wp-json\/wp\/v2\/media?parent=17399"}],"wp:term":[{"taxonomy":"product_brand","embeddable":true,"href":"https:\/\/9play.de\/shop\/wp-json\/wp\/v2\/product_brand?post=17399"},{"taxonomy":"product_cat","embeddable":true,"href":"https:\/\/9play.de\/shop\/wp-json\/wp\/v2\/product_cat?post=17399"},{"taxonomy":"product_tag","embeddable":true,"href":"https:\/\/9play.de\/shop\/wp-json\/wp\/v2\/product_tag?post=17399"}],"curies":[{"name":"wp","href":"https:\/\/api.w.org\/{rel}","templated":true}]}}