{"id":17414,"date":"2024-10-06T18:24:47","date_gmt":"2024-10-06T16:24:47","guid":{"rendered":"https:\/\/9play.de\/shop\/produkt\/disney-die-eiskoenigin-mikrofon-karaoke-elsa-anna\/"},"modified":"2024-10-06T18:25:14","modified_gmt":"2024-10-06T16:25:14","slug":"disney-die-eiskoenigin-mikrofon-karaoke-elsa-anna","status":"publish","type":"product","link":"https:\/\/9play.de\/shop\/produkt\/disney-die-eiskoenigin-mikrofon-karaoke-elsa-anna\/","title":{"rendered":"Disney Die Eisk\u00f6nigin Mikrofon Karaoke Elsa Anna"},"content":{"rendered":"<p>Singe wie ein echter Star mit diesem gro\u00dfartigen Disney Die Eisk\u00f6nigin Mikrofon.<br \/>Die optimale Wahl f\u00fcr Live-Spa\u00df-Karaoke Performances mit der ganzen Familie oder Freunden.<br \/>Dieses Mikrofon ist optimal f\u00fcr alle angehenden S\u00e4nger.<br \/>Lieferumfang enth\u00e4lt ein 2,5 m Kabel mit 3,5 mm Stecker.<br \/>Ein 6,3 mm Adapter ist ebenfalls enthalten. Ger\u00e4t verf\u00fcgt \u00fcber breiten Frequenzgang und hohe Empfindlichkeit.<\/p>\n<p>Altersempfehlung: Ab 3 Jahre<br \/>Material: Kunststoff<br \/>Gr\u00f6\u00dfe: ca. 29 x 7 x 6 cm<\/p>\n<p>Achtung! Nicht f\u00fcr Kinder unter 36 Monaten geeignet wegen verschluckbarer Kleinteile, Erstickungsgefahr.<\/p>\n","protected":false},"excerpt":{"rendered":"<p>Disney Die Eisk\u00f6nigin Mikrofon mit 2,5m Kabell\u00e4nge<\/p>\n","protected":false},"featured_media":17415,"comment_status":"closed","ping_status":"open","template":"","meta":[],"product_brand":[],"product_cat":[500],"product_tag":[],"class_list":{"0":"post-17414","1":"product","2":"type-product","3":"status-publish","4":"has-post-thumbnail","6":"product_cat-karaoke-musik","8":"first","9":"instock","10":"shipping-taxable","11":"purchasable","12":"product-type-simple"},"_links":{"self":[{"href":"https:\/\/9play.de\/shop\/wp-json\/wp\/v2\/product\/17414","targetHints":{"allow":["GET"]}}],"collection":[{"href":"https:\/\/9play.de\/shop\/wp-json\/wp\/v2\/product"}],"about":[{"href":"https:\/\/9play.de\/shop\/wp-json\/wp\/v2\/types\/product"}],"replies":[{"embeddable":true,"href":"https:\/\/9play.de\/shop\/wp-json\/wp\/v2\/comments?post=17414"}],"wp:featuredmedia":[{"embeddable":true,"href":"https:\/\/9play.de\/shop\/wp-json\/wp\/v2\/media\/17415"}],"wp:attachment":[{"href":"https:\/\/9play.de\/shop\/wp-json\/wp\/v2\/media?parent=17414"}],"wp:term":[{"taxonomy":"product_brand","embeddable":true,"href":"https:\/\/9play.de\/shop\/wp-json\/wp\/v2\/product_brand?post=17414"},{"taxonomy":"product_cat","embeddable":true,"href":"https:\/\/9play.de\/shop\/wp-json\/wp\/v2\/product_cat?post=17414"},{"taxonomy":"product_tag","embeddable":true,"href":"https:\/\/9play.de\/shop\/wp-json\/wp\/v2\/product_tag?post=17414"}],"curies":[{"name":"wp","href":"https:\/\/api.w.org\/{rel}","templated":true}]}}