{"id":17466,"date":"2024-10-06T18:24:47","date_gmt":"2024-10-06T16:24:47","guid":{"rendered":"https:\/\/9play.de\/shop\/produkt\/super-mario-wandlicht-tisch-nachtlicht-lampe-mit-timerfunktion\/"},"modified":"2024-10-06T18:25:48","modified_gmt":"2024-10-06T16:25:48","slug":"super-mario-wandlicht-tisch-nachtlicht-lampe-mit-timerfunktion","status":"publish","type":"product","link":"https:\/\/9play.de\/shop\/produkt\/super-mario-wandlicht-tisch-nachtlicht-lampe-mit-timerfunktion\/","title":{"rendered":"Super Mario Wandlicht Tisch-Nachtlicht Lampe mit Timerfunktion"},"content":{"rendered":"<p>Angenehmes Nachtlicht und Wandlicht im Super Mario Design.<br \/>Energieeffizientes LED-Licht sorgt f\u00fcr eine gleichm\u00e4\u00dfige und beruhigende Beleuchtung.<br \/>Vielseitige Nutzung.<br \/>Stelle das Nachtlicht auf einen Nachttisch oder h\u00e4nge es an die Wand. Einfach zu bedienen.<br \/>Dr\u00fccke eine einzige Taste, um es ein und auszuschalten.<br \/>Timer-Taste zum W\u00e4hlen (nach 20 Minuten) zwischen Dauerlicht und Auto-Off-Funktion.<br \/>Das Nachtlicht mit dem niedlichen Design ist eine tolle erg\u00e4ngung im Schlafzimmer.<br \/>Dein Kind wird von der Nachtleuchte begeistert sein!<\/p>\n<p>Stromversorgung \u00fcber 3x AAA \/ LR03-Batterien (nicht enthalten).<br \/>Altersempfehlung: Ab 3 Jahre<br \/>Material: Kunststoff<br \/>Gr\u00f6\u00dfe: ca. 23 x 17 x 7 cm<\/p>\n<p>Achtung! Nicht f\u00fcr Kinder unter 36 Monaten geeignet wegen verschluckbarer Kleinteile, Erstickungsgefahr.<\/p>\n<p>Hinweis zur Entsorgung von Altbatterien Der nachfolgende Hinweis richtet sich an diejenigen, die Batterien oder Produkte mit eingebauten Batterien nutzen und in der an sie gelieferten Form nicht mehr weiterver\u00e4u\u00dfern (Endnutzer): 1. Unentgeltliche R\u00fccknahme von Altbatterien Batterien d\u00fcrfen nicht \u00fcber den Hausm\u00fcll entsorgt werden. Sie sind zur R\u00fcckgabe von Altbatterien gesetzlich verpflichtet, damit eine fachgerechte Entsorgung gew\u00e4hrleistet werden kann. Sie k\u00f6nnen Altbatterien an einer kommunalen Sammelstelle oder im Handel vor Ort abgeben. Auch wir sind als Vertreiber von Batterien zur R\u00fccknahme von Altbatterien verpflichtet, wobei sich unsere R\u00fccknahmeverpflichtung auf Altbatterien der Art beschr\u00e4nkt, die wir als Neubatterien in unserem Sortiment f\u00fchren oder gef\u00fchrt haben. Altbatterien vorgenannter Art k\u00f6nnen Sie daher entweder ausreichend frankiert an uns zur\u00fccksenden oder sie direkt an unserem Versandlager unter der im Impressum genannten Adresse unentgeltlich abgeben. 2. Bedeutung der Batteriesymbole Batterien sind mit dem Symbol einer durchgekreuzten M\u00fclltonne gekennzeichnet. Dieses Symbol weist darauf hin, dass Batterien nicht in den Hausm\u00fcll gegeben werden d\u00fcrfen. Bei Batterien, die mehr als 0,0005 Masseprozent Quecksilber, mehr als 0,002 Masseprozent Cadmium oder mehr als 0,004 Masseprozent Blei enthalten, befindet sich unter dem M\u00fclltonnen-Symbol die chemische Bezeichnung des jeweils eingesetzten Schadstoffes \u2013 dabei steht &#8222;Cd&#8220; f\u00fcr Cadmium, &#8222;Pb&#8220; steht f\u00fcr Blei, und &#8222;Hg&#8220; f\u00fcr Quecksilber.<\/p>\n","protected":false},"excerpt":{"rendered":"<p>Super Mario Tragbares Wand- &#038; Tisch-Nachtlicht mit Timerfunktion<\/p>\n","protected":false},"featured_media":17467,"comment_status":"closed","ping_status":"open","template":"","meta":[],"product_brand":[],"product_cat":[501],"product_tag":[],"class_list":{"0":"post-17466","1":"product","2":"type-product","3":"status-publish","4":"has-post-thumbnail","6":"product_cat-nachtleuchten","8":"first","9":"instock","10":"shipping-taxable","11":"purchasable","12":"product-type-simple"},"_links":{"self":[{"href":"https:\/\/9play.de\/shop\/wp-json\/wp\/v2\/product\/17466","targetHints":{"allow":["GET"]}}],"collection":[{"href":"https:\/\/9play.de\/shop\/wp-json\/wp\/v2\/product"}],"about":[{"href":"https:\/\/9play.de\/shop\/wp-json\/wp\/v2\/types\/product"}],"replies":[{"embeddable":true,"href":"https:\/\/9play.de\/shop\/wp-json\/wp\/v2\/comments?post=17466"}],"wp:featuredmedia":[{"embeddable":true,"href":"https:\/\/9play.de\/shop\/wp-json\/wp\/v2\/media\/17467"}],"wp:attachment":[{"href":"https:\/\/9play.de\/shop\/wp-json\/wp\/v2\/media?parent=17466"}],"wp:term":[{"taxonomy":"product_brand","embeddable":true,"href":"https:\/\/9play.de\/shop\/wp-json\/wp\/v2\/product_brand?post=17466"},{"taxonomy":"product_cat","embeddable":true,"href":"https:\/\/9play.de\/shop\/wp-json\/wp\/v2\/product_cat?post=17466"},{"taxonomy":"product_tag","embeddable":true,"href":"https:\/\/9play.de\/shop\/wp-json\/wp\/v2\/product_tag?post=17466"}],"curies":[{"name":"wp","href":"https:\/\/api.w.org\/{rel}","templated":true}]}}