{"id":17526,"date":"2024-10-06T18:25:54","date_gmt":"2024-10-06T16:25:54","guid":{"rendered":"https:\/\/9play.de\/shop\/produkt\/roboter-zweisprachig-powerman-kid-spricht-singt-tanzt-450-spiele\/"},"modified":"2024-10-06T18:26:37","modified_gmt":"2024-10-06T16:26:37","slug":"roboter-zweisprachig-powerman-kid-spricht-singt-tanzt-450-spiele","status":"publish","type":"product","link":"https:\/\/9play.de\/shop\/produkt\/roboter-zweisprachig-powerman-kid-spricht-singt-tanzt-450-spiele\/","title":{"rendered":"Roboter zweisprachig Powerman Kid spricht singt tanzt 450 spiele"},"content":{"rendered":"<p>Der intelligente Lernroboter zum Lernen und Spielen !<br \/>6 Lernaktivit\u00e4ten: 3x auf Englisch zum Lernen (Vokabular, Grammatik, Zahlen), 3x f\u00fcr die Erweiterung ihres Allgemeinwissen (Tiere, Musikinstrumente, Orte).<br \/>Der POWERMAN KID Roboter wird in zweisprachiger Version geliefert.<br \/>Eine Taste auf der Fernbedienung erm\u00f6glicht es dem Kind, zwischen den zwei Sprachversionen zu wechseln.<br \/>Story Maker-Funktion, die bis zu 10.000 Geschichten generiert. Erz\u00e4hlt viele lustige Witze und Geschichten.<br \/>Integrierte Programmierfunktion, um neue Bewegungssequenzen zu erstellen.<br \/>Sprachaufzeichnung erm\u00f6glicht es dem PowerKid das Gesagte mit seiner lustigen Roboterstimme zu wiederholen.<br \/>Karaoke-Funktion, um Ihre Songs zu erstellen, indem Sie eine Nachricht aufzeichnen. Spielt Musik ab und tanzt dazu im Takt. Schie\u00dft Schaumscheiben auf Knopfdruck ab.<\/p>\n<p>Inhalt: 1 x Roboter<br \/>Altersempfehlung: Ab 4&nbsp;Jahre<br \/>Material: Kunststoff<br \/>Gr\u00f6\u00dfe: ca. 22 x 13,9 x 40 cm<\/p>\n<p>Achtung! Nicht f\u00fcr Kinder unter 36 Monaten geeignet wegen verschluckbarer Kleinteile, Erstickungsgefahr.<\/p>\n<p>Hinweis zur Entsorgung von Altbatterien Der nachfolgende Hinweis richtet sich an diejenigen, die Batterien oder Produkte mit eingebauten Batterien nutzen und in der an sie gelieferten Form nicht mehr weiterver\u00e4u\u00dfern (Endnutzer): 1. Unentgeltliche R\u00fccknahme von Altbatterien Batterien d\u00fcrfen nicht \u00fcber den Hausm\u00fcll entsorgt werden. Sie sind zur R\u00fcckgabe von Altbatterien gesetzlich verpflichtet, damit eine fachgerechte Entsorgung gew\u00e4hrleistet werden kann. Sie k\u00f6nnen Altbatterien an einer kommunalen Sammelstelle oder im Handel vor Ort abgeben. Auch wir sind als Vertreiber von Batterien zur R\u00fccknahme von Altbatterien verpflichtet, wobei sich unsere R\u00fccknahmeverpflichtung auf Altbatterien der Art beschr\u00e4nkt, die wir als Neubatterien in unserem Sortiment f\u00fchren oder gef\u00fchrt haben. Altbatterien vorgenannter Art k\u00f6nnen Sie daher entweder ausreichend frankiert an uns zur\u00fccksenden oder sie direkt an unserem Versandlager unter der im Impressum genannten Adresse unentgeltlich abgeben. 2. Bedeutung der Batteriesymbole Batterien sind mit dem Symbol einer durchgekreuzten M\u00fclltonne gekennzeichnet. Dieses Symbol weist darauf hin, dass Batterien nicht in den Hausm\u00fcll gegeben werden d\u00fcrfen. Bei Batterien, die mehr als 0,0005 Masseprozent Quecksilber, mehr als 0,002 Masseprozent Cadmium oder mehr als 0,004 Masseprozent Blei enthalten, befindet sich unter dem M\u00fclltonnen-Symbol die chemische Bezeichnung des jeweils eingesetzten Schadstoffes \u2013 dabei steht &#8222;Cd&#8220; f\u00fcr Cadmium, &#8222;Pb&#8220; steht f\u00fcr Blei, und &#8222;Hg&#8220; f\u00fcr Quecksilber.<\/p>\n","protected":false},"excerpt":{"rendered":"<p>POWERMAN KID\u00ae Mein kluger zweisprachiger Roboter mit tollen Funktionen und Fernbedienung (Deutsche Version)<\/p>\n","protected":false},"featured_media":17527,"comment_status":"closed","ping_status":"open","template":"","meta":[],"product_brand":[],"product_cat":[498],"product_tag":[],"class_list":{"0":"post-17526","1":"product","2":"type-product","3":"status-publish","4":"has-post-thumbnail","6":"product_cat-roboter","8":"first","9":"instock","10":"shipping-taxable","11":"purchasable","12":"product-type-simple"},"_links":{"self":[{"href":"https:\/\/9play.de\/shop\/wp-json\/wp\/v2\/product\/17526","targetHints":{"allow":["GET"]}}],"collection":[{"href":"https:\/\/9play.de\/shop\/wp-json\/wp\/v2\/product"}],"about":[{"href":"https:\/\/9play.de\/shop\/wp-json\/wp\/v2\/types\/product"}],"replies":[{"embeddable":true,"href":"https:\/\/9play.de\/shop\/wp-json\/wp\/v2\/comments?post=17526"}],"wp:featuredmedia":[{"embeddable":true,"href":"https:\/\/9play.de\/shop\/wp-json\/wp\/v2\/media\/17527"}],"wp:attachment":[{"href":"https:\/\/9play.de\/shop\/wp-json\/wp\/v2\/media?parent=17526"}],"wp:term":[{"taxonomy":"product_brand","embeddable":true,"href":"https:\/\/9play.de\/shop\/wp-json\/wp\/v2\/product_brand?post=17526"},{"taxonomy":"product_cat","embeddable":true,"href":"https:\/\/9play.de\/shop\/wp-json\/wp\/v2\/product_cat?post=17526"},{"taxonomy":"product_tag","embeddable":true,"href":"https:\/\/9play.de\/shop\/wp-json\/wp\/v2\/product_tag?post=17526"}],"curies":[{"name":"wp","href":"https:\/\/api.w.org\/{rel}","templated":true}]}}