{"id":17567,"date":"2024-10-06T18:27:04","date_gmt":"2024-10-06T16:27:04","guid":{"rendered":"https:\/\/9play.de\/shop\/produkt\/marvel-avengers-kinder-regenschirm-durchmesser-70cm\/"},"modified":"2024-10-06T18:27:04","modified_gmt":"2024-10-06T16:27:04","slug":"marvel-avengers-kinder-regenschirm-durchmesser-70cm","status":"publish","type":"product","link":"https:\/\/9play.de\/shop\/produkt\/marvel-avengers-kinder-regenschirm-durchmesser-70cm\/","title":{"rendered":"Marvel Avengers Kinder-Regenschirm Durchmesser 70cm"},"content":{"rendered":"<p>F\u00fcr Fans der Avengers ist der Marvel Avengers Regenschirm ein absolutes Muss.<br \/>Dank des stabilen Kunststoffmaterials und des gro\u00dfz\u00fcgigen Durchmessers von 70cm bietet dieser Regenschirm zuverl\u00e4ssigen Schutz vor Regen.<br \/>Das Design zeigt die beliebten Marvel Avengers-Charaktere und verleiht dem Regenschirm einen coolen Look.<br \/>Dieser Regenschirm ist das ideale Accessoire f\u00fcr jeden Marvel-Fan, um im Regen stilvoll und trocken zu bleiben.<\/p>\n<p>Inhalt: 1x Regenschirm<br \/>Altersempfehlung: ab 3 Jahre<br \/>Gr\u00f6\u00dfe: L\u00e4nge ca. 58&nbsp;cm; ge\u00f6ffnet ca. \u00d8 70 cm<br \/>Material: Kunststoff, Polyester, Metall<\/p>\n<p>Achtung: Nicht f\u00fcr Kinder unter 36 Monaten geeignet wegen verschluckbarer Kleinteile, Erstickungsgefahr.<\/p>\n","protected":false},"excerpt":{"rendered":"<p>Dieser Regenschirm ist das ideale Accessoire f\u00fcr jeden Marvel-Fan<\/p>\n","protected":false},"featured_media":17568,"comment_status":"closed","ping_status":"open","template":"","meta":[],"product_brand":[],"product_cat":[464],"product_tag":[],"class_list":{"0":"post-17567","1":"product","2":"type-product","3":"status-publish","4":"has-post-thumbnail","6":"product_cat-regenschirme","8":"first","9":"instock","10":"shipping-taxable","11":"purchasable","12":"product-type-simple"},"_links":{"self":[{"href":"https:\/\/9play.de\/shop\/wp-json\/wp\/v2\/product\/17567","targetHints":{"allow":["GET"]}}],"collection":[{"href":"https:\/\/9play.de\/shop\/wp-json\/wp\/v2\/product"}],"about":[{"href":"https:\/\/9play.de\/shop\/wp-json\/wp\/v2\/types\/product"}],"replies":[{"embeddable":true,"href":"https:\/\/9play.de\/shop\/wp-json\/wp\/v2\/comments?post=17567"}],"wp:featuredmedia":[{"embeddable":true,"href":"https:\/\/9play.de\/shop\/wp-json\/wp\/v2\/media\/17568"}],"wp:attachment":[{"href":"https:\/\/9play.de\/shop\/wp-json\/wp\/v2\/media?parent=17567"}],"wp:term":[{"taxonomy":"product_brand","embeddable":true,"href":"https:\/\/9play.de\/shop\/wp-json\/wp\/v2\/product_brand?post=17567"},{"taxonomy":"product_cat","embeddable":true,"href":"https:\/\/9play.de\/shop\/wp-json\/wp\/v2\/product_cat?post=17567"},{"taxonomy":"product_tag","embeddable":true,"href":"https:\/\/9play.de\/shop\/wp-json\/wp\/v2\/product_tag?post=17567"}],"curies":[{"name":"wp","href":"https:\/\/api.w.org\/{rel}","templated":true}]}}