{"id":17571,"date":"2024-10-06T18:27:04","date_gmt":"2024-10-06T16:27:04","guid":{"rendered":"https:\/\/9play.de\/shop\/produkt\/barbie-kinder-regenschirm-durchmesser-70cm\/"},"modified":"2024-10-06T18:27:06","modified_gmt":"2024-10-06T16:27:06","slug":"barbie-kinder-regenschirm-durchmesser-70cm","status":"publish","type":"product","link":"https:\/\/9play.de\/shop\/produkt\/barbie-kinder-regenschirm-durchmesser-70cm\/","title":{"rendered":"Barbie Kinder Regenschirm Durchmesser 70cm"},"content":{"rendered":"<p>Der Barbie Regenschirm ist ein stilvoller Regenschutz f\u00fcr kleine M\u00e4dchen, der aus robustem Kunststoff hergestellt wird.<br \/>Mit einer Gr\u00f6\u00dfe von 70cm ist er kompakt und handlich und l\u00e4sst sich leicht in einer Tasche verstauen.<br \/>Der Schirm hat ein lebendiges Design mit Barbie-Motiv und ist in leuchtenden Farben erh\u00e4ltlich, die den Regentag aufhellen werden.<br \/>Er bietet Schutz vor Regen und ist ein unverzichtbares Accessoire f\u00fcr alle Barbie-Fans.<\/p>\n<p>Inhalt: 1x Regenschirm.<br \/>Altersempfehlung: ab 3 Jahre<br \/>Gr\u00f6\u00dfe: L\u00e4nge ca. L. 68 cm; \u00d8 70 cm<br \/>Material: Kunststoff, Polyester, Metall<\/p>\n<p>Achtung: Nicht f\u00fcr Kinder unter 36 Monaten geeignet wegen verschluckbarer Kleinteile, Erstickungsgefahr.<\/p>\n","protected":false},"excerpt":{"rendered":"<p>Der Schirm hat ein lebendiges Design mit Barbie-Motiv und ist in leuchtenden Farben erh\u00e4ltlich, die den Regentag aufhellen werden.<\/p>\n","protected":false},"featured_media":17572,"comment_status":"closed","ping_status":"open","template":"","meta":[],"product_brand":[],"product_cat":[464],"product_tag":[],"class_list":{"0":"post-17571","1":"product","2":"type-product","3":"status-publish","4":"has-post-thumbnail","6":"product_cat-regenschirme","8":"first","9":"instock","10":"shipping-taxable","11":"purchasable","12":"product-type-simple"},"_links":{"self":[{"href":"https:\/\/9play.de\/shop\/wp-json\/wp\/v2\/product\/17571","targetHints":{"allow":["GET"]}}],"collection":[{"href":"https:\/\/9play.de\/shop\/wp-json\/wp\/v2\/product"}],"about":[{"href":"https:\/\/9play.de\/shop\/wp-json\/wp\/v2\/types\/product"}],"replies":[{"embeddable":true,"href":"https:\/\/9play.de\/shop\/wp-json\/wp\/v2\/comments?post=17571"}],"wp:featuredmedia":[{"embeddable":true,"href":"https:\/\/9play.de\/shop\/wp-json\/wp\/v2\/media\/17572"}],"wp:attachment":[{"href":"https:\/\/9play.de\/shop\/wp-json\/wp\/v2\/media?parent=17571"}],"wp:term":[{"taxonomy":"product_brand","embeddable":true,"href":"https:\/\/9play.de\/shop\/wp-json\/wp\/v2\/product_brand?post=17571"},{"taxonomy":"product_cat","embeddable":true,"href":"https:\/\/9play.de\/shop\/wp-json\/wp\/v2\/product_cat?post=17571"},{"taxonomy":"product_tag","embeddable":true,"href":"https:\/\/9play.de\/shop\/wp-json\/wp\/v2\/product_tag?post=17571"}],"curies":[{"name":"wp","href":"https:\/\/api.w.org\/{rel}","templated":true}]}}